{"id":4802,"date":"2023-03-22T05:22:23","date_gmt":"2023-03-22T05:22:23","guid":{"rendered":"https:\/\/trustengineeringgroup.com\/services\/"},"modified":"2023-09-29T06:19:32","modified_gmt":"2023-09-29T06:19:32","slug":"services","status":"publish","type":"page","link":"https:\/\/trustengineeringgroup.com\/fr\/services\/","title":{"rendered":"Services"},"content":{"rendered":"\t\t<div data-elementor-type=\"wp-page\" data-elementor-id=\"4802\" class=\"elementor elementor-4802 elementor-551\" data-elementor-settings=\"{&quot;ha_cmc_init_switcher&quot;:&quot;no&quot;}\" data-elementor-post-type=\"page\">\n\t\t\t\t\t\t<section class=\"elementor-section elementor-top-section elementor-element elementor-element-2136126 elementor-section-height-min-height elementor-section-boxed elementor-section-height-default elementor-section-items-middle\" data-id=\"2136126\" data-element_type=\"section\" data-e-type=\"section\" data-settings=\"{&quot;background_background&quot;:&quot;classic&quot;,&quot;_ha_eqh_enable&quot;:false}\">\n\t\t\t\t\t\t\t<div class=\"elementor-background-overlay\"><\/div>\n\t\t\t\t\t\t\t<div class=\"elementor-container elementor-column-gap-default\">\n\t\t\t\t\t<div class=\"elementor-column elementor-col-50 elementor-top-column elementor-element elementor-element-622571a\" data-id=\"622571a\" data-element_type=\"column\" data-e-type=\"column\">\n\t\t\t<div class=\"elementor-widget-wrap elementor-element-populated\">\n\t\t\t\t\t\t<div class=\"elementor-element elementor-element-8e14b79 elementor-widget elementor-widget-heading\" data-id=\"8e14b79\" data-element_type=\"widget\" data-e-type=\"widget\" data-widget_type=\"heading.default\">\n\t\t\t\t<div class=\"elementor-widget-container\">\n\t\t\t\t\t<h1 class=\"elementor-heading-title elementor-size-default\">Services<\/h1>\t\t\t\t<\/div>\n\t\t\t\t<\/div>\n\t\t\t\t\t<\/div>\n\t\t<\/div>\n\t\t\t\t<div class=\"elementor-column elementor-col-50 elementor-top-column elementor-element elementor-element-666e4f1\" data-id=\"666e4f1\" data-element_type=\"column\" data-e-type=\"column\">\n\t\t\t<div class=\"elementor-widget-wrap elementor-element-populated\">\n\t\t\t\t\t\t<div class=\"elementor-element elementor-element-6807650 elementor-widget elementor-widget-image\" data-id=\"6807650\" data-element_type=\"widget\" data-e-type=\"widget\" data-settings=\"{&quot;motion_fx_motion_fx_scrolling&quot;:&quot;yes&quot;,&quot;motion_fx_translateY_effect&quot;:&quot;yes&quot;,&quot;motion_fx_translateY_speed&quot;:{&quot;unit&quot;:&quot;px&quot;,&quot;size&quot;:2.20000000000000017763568394002504646778106689453125,&quot;sizes&quot;:[]},&quot;motion_fx_translateY_affectedRange&quot;:{&quot;unit&quot;:&quot;%&quot;,&quot;size&quot;:&quot;&quot;,&quot;sizes&quot;:{&quot;start&quot;:0,&quot;end&quot;:100}},&quot;motion_fx_devices&quot;:[&quot;desktop&quot;,&quot;tablet&quot;,&quot;mobile&quot;]}\" data-widget_type=\"image.default\">\n\t\t\t\t<div class=\"elementor-widget-container\">\n\t\t\t\t\t\t\t\t\t\t\t\t\t\t\t<img fetchpriority=\"high\" decoding=\"async\" width=\"717\" height=\"623\" src=\"https:\/\/trustengineeringgroup.com\/wp-content\/uploads\/2023\/09\/image-hero-graphic.png\" class=\"attachment-large size-large wp-image-4532\" alt=\"\" srcset=\"https:\/\/trustengineeringgroup.com\/wp-content\/uploads\/2023\/09\/image-hero-graphic.png 717w, https:\/\/trustengineeringgroup.com\/wp-content\/uploads\/2023\/09\/image-hero-graphic-300x261.png 300w\" sizes=\"(max-width: 717px) 100vw, 717px\" \/>\t\t\t\t\t\t\t\t\t\t\t\t\t\t\t<\/div>\n\t\t\t\t<\/div>\n\t\t\t\t\t<\/div>\n\t\t<\/div>\n\t\t\t\t\t<\/div>\n\t\t<\/section>\n\t\t\t\t<section class=\"elementor-section elementor-top-section elementor-element elementor-element-065e026 elementor-section-full_width elementor-section-height-default elementor-section-height-default\" data-id=\"065e026\" data-element_type=\"section\" data-e-type=\"section\" data-settings=\"{&quot;_ha_eqh_enable&quot;:false}\">\n\t\t\t\t\t\t<div class=\"elementor-container elementor-column-gap-default\">\n\t\t\t\t\t<div class=\"elementor-column elementor-col-25 elementor-top-column elementor-element elementor-element-15d22ab\" data-id=\"15d22ab\" data-element_type=\"column\" data-e-type=\"column\">\n\t\t\t<div class=\"elementor-widget-wrap elementor-element-populated\">\n\t\t\t\t\t\t<section class=\"elementor-section elementor-inner-section elementor-element elementor-element-bcd7ad5 elementor-section-boxed elementor-section-height-default elementor-section-height-default\" data-id=\"bcd7ad5\" data-element_type=\"section\" data-e-type=\"section\" data-settings=\"{&quot;_ha_eqh_enable&quot;:false}\">\n\t\t\t\t\t\t<div class=\"elementor-container elementor-column-gap-default\">\n\t\t\t\t\t<div class=\"elementor-column elementor-col-100 elementor-inner-column elementor-element elementor-element-51d455f\" data-id=\"51d455f\" data-element_type=\"column\" data-e-type=\"column\">\n\t\t\t<div class=\"elementor-widget-wrap elementor-element-populated\">\n\t\t\t\t\t\t<div class=\"elementor-element elementor-element-86c340d elementor-widget elementor-widget-image\" data-id=\"86c340d\" data-element_type=\"widget\" data-e-type=\"widget\" data-widget_type=\"image.default\">\n\t\t\t\t<div class=\"elementor-widget-container\">\n\t\t\t\t\t\t\t\t\t\t\t\t\t\t\t\t<a href=\"https:\/\/trustengineeringgroup.com\/fr\/etudes-et-inspections\/\">\n\t\t\t\t\t\t\t<img decoding=\"async\" width=\"780\" height=\"780\" src=\"https:\/\/trustengineeringgroup.com\/wp-content\/uploads\/2023\/06\/survey_01.jpg\" class=\"elementor-animation-float attachment-large size-large wp-image-4274\" alt=\"\" srcset=\"https:\/\/trustengineeringgroup.com\/wp-content\/uploads\/2023\/06\/survey_01.jpg 900w, https:\/\/trustengineeringgroup.com\/wp-content\/uploads\/2023\/06\/survey_01-300x300.jpg 300w, https:\/\/trustengineeringgroup.com\/wp-content\/uploads\/2023\/06\/survey_01-150x150.jpg 150w, https:\/\/trustengineeringgroup.com\/wp-content\/uploads\/2023\/06\/survey_01-320x320.jpg 320w, https:\/\/trustengineeringgroup.com\/wp-content\/uploads\/2023\/06\/survey_01-760x760.jpg 760w\" sizes=\"(max-width: 780px) 100vw, 780px\" \/>\t\t\t\t\t\t\t\t<\/a>\n\t\t\t\t\t\t\t\t\t\t\t\t\t\t\t<\/div>\n\t\t\t\t<\/div>\n\t\t\t\t<div class=\"elementor-element elementor-element-3774bdc elementor-widget elementor-widget-heading\" data-id=\"3774bdc\" data-element_type=\"widget\" data-e-type=\"widget\" data-widget_type=\"heading.default\">\n\t\t\t\t<div class=\"elementor-widget-container\">\n\t\t\t\t\t<h3 class=\"elementor-heading-title elementor-size-default\">Etudes et inspections<\/h3>\t\t\t\t<\/div>\n\t\t\t\t<\/div>\n\t\t\t\t<div class=\"elementor-element elementor-element-74c30f8 elementor-widget elementor-widget-text-editor\" data-id=\"74c30f8\" data-element_type=\"widget\" data-e-type=\"widget\" data-widget_type=\"text-editor.default\">\n\t\t\t\t<div class=\"elementor-widget-container\">\n\t\t\t\t\t\t\t\t\tNotre \u00e9quipe de terrain s&#8217;assure que nos structures de t\u00e9l\u00e9communications offrent une exp\u00e9rience optimale \u00e0 nos clients en fournissant des \u00e9tudes intrusives et non intrusives telles que des \u00e9tudes de sol, des \u00e9tudes intrusives de toit, des tests de niveau, etc. Des services de maintenance sp\u00e9cialis\u00e9s sont disponibles pour une \u00e9valuation critique sur un large portefeuille d\u2019objectifs.\t\t\t\t\t\t\t\t<\/div>\n\t\t\t\t<\/div>\n\t\t\t\t\t<\/div>\n\t\t<\/div>\n\t\t\t\t\t<\/div>\n\t\t<\/section>\n\t\t\t\t<div class=\"elementor-element elementor-element-642d384 elementor-align-left elementor-widget__width-auto elementor-widget elementor-widget-ld_button\" data-id=\"642d384\" data-element_type=\"widget\" data-e-type=\"widget\" data-widget_type=\"ld_button.default\">\n\t\t\t\t<div class=\"elementor-widget-container\">\n\t\t\t\t\t\n\t\t\t<a \n\t\t\t\thref=\"https:\/\/trustengineeringgroup.com\/fr\/etudes-et-inspections\/\"class=\"elementor-button btn btn-solid btn-icon-sep btn-hover-txt-switch btn-hover-txt-switch-x btn-icon-right btn-has-label\"\t\t\t>\n\t\t\t\t\t\t\t\t\t<span data-text=\"En Savoir Plus\" class=\"btn-txt\" data-transition-delay=\"true\" data-delay-options=\"{&quot;elements&quot;: &quot;.lqd-chars&quot;, &quot;delayType&quot;: &quot;animation&quot;, &quot;startDelay&quot;: 0, &quot;delayBetween&quot;: 32.5}\" data-split-text=\"true\" data-split-options=\"{&quot;type&quot;: &quot;chars, words&quot;}\">\n\t\t\t\t\t\tEn Savoir Plus\t\t\t\t\t<\/span>\n\t\t\t\t\t\t\t\t\t\t\t\t\t\t<span class=\"btn-icon\">\n\t\t\t\t\t\t\t<i aria-hidden=\"true\" class=\"lqd-icn-ess icon-ion-ios-arrow-round-forward\"><\/i>\t\t\t\t\t\t<\/span>\n\t\t\t\t\t\t\t\t\t<\/a>\n\t\t\t\t\t\t\t<\/div>\n\t\t\t\t<\/div>\n\t\t\t\t\t<\/div>\n\t\t<\/div>\n\t\t\t\t<div class=\"elementor-column elementor-col-25 elementor-top-column elementor-element elementor-element-fccb33d\" data-id=\"fccb33d\" data-element_type=\"column\" data-e-type=\"column\">\n\t\t\t<div class=\"elementor-widget-wrap elementor-element-populated\">\n\t\t\t\t\t\t<section class=\"elementor-section elementor-inner-section elementor-element elementor-element-fd2830c elementor-section-boxed elementor-section-height-default elementor-section-height-default\" data-id=\"fd2830c\" data-element_type=\"section\" data-e-type=\"section\" data-settings=\"{&quot;_ha_eqh_enable&quot;:false}\">\n\t\t\t\t\t\t<div class=\"elementor-container elementor-column-gap-default\">\n\t\t\t\t\t<div class=\"elementor-column elementor-col-100 elementor-inner-column elementor-element elementor-element-f1cec9e\" data-id=\"f1cec9e\" data-element_type=\"column\" data-e-type=\"column\">\n\t\t\t<div class=\"elementor-widget-wrap elementor-element-populated\">\n\t\t\t\t\t\t<div class=\"elementor-element elementor-element-2f33824 elementor-widget elementor-widget-image\" data-id=\"2f33824\" data-element_type=\"widget\" data-e-type=\"widget\" data-widget_type=\"image.default\">\n\t\t\t\t<div class=\"elementor-widget-container\">\n\t\t\t\t\t\t\t\t\t\t\t\t\t\t\t\t<a href=\"https:\/\/trustengineeringgroup.com\/fr\/services-de-conception\/\">\n\t\t\t\t\t\t\t<img decoding=\"async\" width=\"780\" height=\"780\" src=\"https:\/\/trustengineeringgroup.com\/wp-content\/uploads\/2023\/06\/design_services.jpg\" class=\"elementor-animation-float attachment-large size-large wp-image-4276\" alt=\"\" srcset=\"https:\/\/trustengineeringgroup.com\/wp-content\/uploads\/2023\/06\/design_services.jpg 900w, https:\/\/trustengineeringgroup.com\/wp-content\/uploads\/2023\/06\/design_services-300x300.jpg 300w, https:\/\/trustengineeringgroup.com\/wp-content\/uploads\/2023\/06\/design_services-150x150.jpg 150w, https:\/\/trustengineeringgroup.com\/wp-content\/uploads\/2023\/06\/design_services-320x320.jpg 320w, https:\/\/trustengineeringgroup.com\/wp-content\/uploads\/2023\/06\/design_services-760x760.jpg 760w\" sizes=\"(max-width: 780px) 100vw, 780px\" \/>\t\t\t\t\t\t\t\t<\/a>\n\t\t\t\t\t\t\t\t\t\t\t\t\t\t\t<\/div>\n\t\t\t\t<\/div>\n\t\t\t\t<div class=\"elementor-element elementor-element-493f172 elementor-widget elementor-widget-heading\" data-id=\"493f172\" data-element_type=\"widget\" data-e-type=\"widget\" data-widget_type=\"heading.default\">\n\t\t\t\t<div class=\"elementor-widget-container\">\n\t\t\t\t\t<h3 class=\"elementor-heading-title elementor-size-default\">Services de conception<\/h3>\t\t\t\t<\/div>\n\t\t\t\t<\/div>\n\t\t\t\t<div class=\"elementor-element elementor-element-c384154 elementor-widget elementor-widget-text-editor\" data-id=\"c384154\" data-element_type=\"widget\" data-e-type=\"widget\" data-widget_type=\"text-editor.default\">\n\t\t\t\t<div class=\"elementor-widget-container\">\n\t\t\t\t\t\t\t\t\tNos experts en CAD sont exp\u00e9riment\u00e9s dans la conception et le renforcement de structures en b\u00e9ton, en acier, en ma\u00e7onnerie et en bois dans des zones sismiques et non sismiques. Nos principaux produits comprennent des dessins de modification et de renforcement associ\u00e9s \u00e0 des travaux de r\u00e9paration, de nouvelles propositions de conception et des mises \u00e0 niveau. Nous utilisons un logiciel de mod\u00e9lisation 3D pour garantir un montage correct sur site.\t\t\t\t\t\t\t\t<\/div>\n\t\t\t\t<\/div>\n\t\t\t\t\t<\/div>\n\t\t<\/div>\n\t\t\t\t\t<\/div>\n\t\t<\/section>\n\t\t\t\t<div class=\"elementor-element elementor-element-0515c71 elementor-align-left elementor-widget__width-auto elementor-widget elementor-widget-ld_button\" data-id=\"0515c71\" data-element_type=\"widget\" data-e-type=\"widget\" data-widget_type=\"ld_button.default\">\n\t\t\t\t<div class=\"elementor-widget-container\">\n\t\t\t\t\t\n\t\t\t<a \n\t\t\t\thref=\"https:\/\/trustengineeringgroup.com\/fr\/services-de-conception\/\"class=\"elementor-button btn btn-solid btn-icon-sep btn-hover-txt-switch btn-hover-txt-switch-x btn-icon-right btn-has-label\"\t\t\t>\n\t\t\t\t\t\t\t\t\t<span data-text=\"En Savoir Plus\" class=\"btn-txt\" data-transition-delay=\"true\" data-delay-options=\"{&quot;elements&quot;: &quot;.lqd-chars&quot;, &quot;delayType&quot;: &quot;animation&quot;, &quot;startDelay&quot;: 0, &quot;delayBetween&quot;: 32.5}\" data-split-text=\"true\" data-split-options=\"{&quot;type&quot;: &quot;chars, words&quot;}\">\n\t\t\t\t\t\tEn Savoir Plus\t\t\t\t\t<\/span>\n\t\t\t\t\t\t\t\t\t\t\t\t\t\t<span class=\"btn-icon\">\n\t\t\t\t\t\t\t<i aria-hidden=\"true\" class=\"lqd-icn-ess icon-ion-ios-arrow-round-forward\"><\/i>\t\t\t\t\t\t<\/span>\n\t\t\t\t\t\t\t\t\t<\/a>\n\t\t\t\t\t\t\t<\/div>\n\t\t\t\t<\/div>\n\t\t\t\t\t<\/div>\n\t\t<\/div>\n\t\t\t\t<div class=\"elementor-column elementor-col-25 elementor-top-column elementor-element elementor-element-136b7da\" data-id=\"136b7da\" data-element_type=\"column\" data-e-type=\"column\">\n\t\t\t<div class=\"elementor-widget-wrap elementor-element-populated\">\n\t\t\t\t\t\t<section class=\"elementor-section elementor-inner-section elementor-element elementor-element-be53f15 elementor-section-boxed elementor-section-height-default elementor-section-height-default\" data-id=\"be53f15\" data-element_type=\"section\" data-e-type=\"section\" data-settings=\"{&quot;_ha_eqh_enable&quot;:false}\">\n\t\t\t\t\t\t<div class=\"elementor-container elementor-column-gap-default\">\n\t\t\t\t\t<div class=\"elementor-column elementor-col-100 elementor-inner-column elementor-element elementor-element-a2643a1\" data-id=\"a2643a1\" data-element_type=\"column\" data-e-type=\"column\">\n\t\t\t<div class=\"elementor-widget-wrap elementor-element-populated\">\n\t\t\t\t\t\t<div class=\"elementor-element elementor-element-f4c1bdd elementor-widget elementor-widget-image\" data-id=\"f4c1bdd\" data-element_type=\"widget\" data-e-type=\"widget\" data-widget_type=\"image.default\">\n\t\t\t\t<div class=\"elementor-widget-container\">\n\t\t\t\t\t\t\t\t\t\t\t\t\t\t\t\t<a href=\"https:\/\/trustengineeringgroup.com\/fr\/services-dingenierie\/\">\n\t\t\t\t\t\t\t<img loading=\"lazy\" decoding=\"async\" width=\"780\" height=\"780\" src=\"https:\/\/trustengineeringgroup.com\/wp-content\/uploads\/2023\/06\/engineering_01.jpg\" class=\"elementor-animation-float attachment-large size-large wp-image-4278\" alt=\"\" srcset=\"https:\/\/trustengineeringgroup.com\/wp-content\/uploads\/2023\/06\/engineering_01.jpg 900w, https:\/\/trustengineeringgroup.com\/wp-content\/uploads\/2023\/06\/engineering_01-300x300.jpg 300w, https:\/\/trustengineeringgroup.com\/wp-content\/uploads\/2023\/06\/engineering_01-150x150.jpg 150w, https:\/\/trustengineeringgroup.com\/wp-content\/uploads\/2023\/06\/engineering_01-320x320.jpg 320w, https:\/\/trustengineeringgroup.com\/wp-content\/uploads\/2023\/06\/engineering_01-760x760.jpg 760w\" sizes=\"(max-width: 780px) 100vw, 780px\" \/>\t\t\t\t\t\t\t\t<\/a>\n\t\t\t\t\t\t\t\t\t\t\t\t\t\t\t<\/div>\n\t\t\t\t<\/div>\n\t\t\t\t<div class=\"elementor-element elementor-element-b0ceabc elementor-widget elementor-widget-heading\" data-id=\"b0ceabc\" data-element_type=\"widget\" data-e-type=\"widget\" data-widget_type=\"heading.default\">\n\t\t\t\t<div class=\"elementor-widget-container\">\n\t\t\t\t\t<h3 class=\"elementor-heading-title elementor-size-default\"><a href=\"https:\/\/trustengineeringgroup.com\/fr\/services-dingenierie\/\">Services d\u2019ing\u00e9nierie<\/a><\/h3>\t\t\t\t<\/div>\n\t\t\t\t<\/div>\n\t\t\t\t<div class=\"elementor-element elementor-element-d1ea932 elementor-widget elementor-widget-text-editor\" data-id=\"d1ea932\" data-element_type=\"widget\" data-e-type=\"widget\" data-widget_type=\"text-editor.default\">\n\t\t\t\t<div class=\"elementor-widget-container\">\n\t\t\t\t\t\t\t\t\tNotre \u00e9quipe poss\u00e8de les connaissances techniques et l&#8217;expertise  n\u00e9cessaire pour guider la gestion d&#8217;actifs d&#8217;un point de vue structurel. En fonction du portefeuille d&#8217;objectifs du client, des travaux structurels et de la dur\u00e9e de vie du projet, nous analysons et concevons des structures personnalis\u00e9es uniques pour assurer une connectivit\u00e9 maximale. Nous mettons \u00e9galement activement \u00e0 jour nos m\u00e9thodologies en travaillant avec des experts de premier plan dans le domaine.\t\t\t\t\t\t\t\t<\/div>\n\t\t\t\t<\/div>\n\t\t\t\t\t<\/div>\n\t\t<\/div>\n\t\t\t\t\t<\/div>\n\t\t<\/section>\n\t\t\t\t<div class=\"elementor-element elementor-element-67cf6a0 elementor-align-left elementor-widget__width-auto elementor-widget elementor-widget-ld_button\" data-id=\"67cf6a0\" data-element_type=\"widget\" data-e-type=\"widget\" data-widget_type=\"ld_button.default\">\n\t\t\t\t<div class=\"elementor-widget-container\">\n\t\t\t\t\t\n\t\t\t<a \n\t\t\t\thref=\"https:\/\/trustengineeringgroup.com\/fr\/services-dingenierie\/\"class=\"elementor-button btn btn-solid btn-icon-sep btn-hover-txt-switch btn-hover-txt-switch-x btn-icon-right btn-has-label\"\t\t\t>\n\t\t\t\t\t\t\t\t\t<span data-text=\"En Savoir Plus\" class=\"btn-txt\" data-transition-delay=\"true\" data-delay-options=\"{&quot;elements&quot;: &quot;.lqd-chars&quot;, &quot;delayType&quot;: &quot;animation&quot;, &quot;startDelay&quot;: 0, &quot;delayBetween&quot;: 32.5}\" data-split-text=\"true\" data-split-options=\"{&quot;type&quot;: &quot;chars, words&quot;}\">\n\t\t\t\t\t\tEn Savoir Plus\t\t\t\t\t<\/span>\n\t\t\t\t\t\t\t\t\t\t\t\t\t\t<span class=\"btn-icon\">\n\t\t\t\t\t\t\t<i aria-hidden=\"true\" class=\"lqd-icn-ess icon-ion-ios-arrow-round-forward\"><\/i>\t\t\t\t\t\t<\/span>\n\t\t\t\t\t\t\t\t\t<\/a>\n\t\t\t\t\t\t\t<\/div>\n\t\t\t\t<\/div>\n\t\t\t\t\t<\/div>\n\t\t<\/div>\n\t\t\t\t<div class=\"elementor-column elementor-col-25 elementor-top-column elementor-element elementor-element-0f79017\" data-id=\"0f79017\" data-element_type=\"column\" data-e-type=\"column\" data-settings=\"{&quot;background_background&quot;:&quot;classic&quot;}\">\n\t\t\t<div class=\"elementor-widget-wrap elementor-element-populated\">\n\t\t\t\t\t\t<section class=\"elementor-section elementor-inner-section elementor-element elementor-element-960177f elementor-section-boxed elementor-section-height-default elementor-section-height-default\" data-id=\"960177f\" data-element_type=\"section\" data-e-type=\"section\" data-settings=\"{&quot;_ha_eqh_enable&quot;:false}\">\n\t\t\t\t\t\t<div class=\"elementor-container elementor-column-gap-default\">\n\t\t\t\t\t<div class=\"elementor-column elementor-col-100 elementor-inner-column elementor-element elementor-element-e678daf\" data-id=\"e678daf\" data-element_type=\"column\" data-e-type=\"column\">\n\t\t\t<div class=\"elementor-widget-wrap elementor-element-populated\">\n\t\t\t\t\t\t<div class=\"elementor-element elementor-element-82bd47e elementor-widget elementor-widget-image\" data-id=\"82bd47e\" data-element_type=\"widget\" data-e-type=\"widget\" data-widget_type=\"image.default\">\n\t\t\t\t<div class=\"elementor-widget-container\">\n\t\t\t\t\t\t\t\t\t\t\t\t\t\t\t\t<a href=\"https:\/\/trustengineeringgroup.com\/fr\/installation\/\">\n\t\t\t\t\t\t\t<img loading=\"lazy\" decoding=\"async\" width=\"780\" height=\"780\" src=\"https:\/\/trustengineeringgroup.com\/wp-content\/uploads\/2023\/08\/sxaASSA.jpg\" class=\"elementor-animation-float attachment-large size-large wp-image-4444\" alt=\"\" srcset=\"https:\/\/trustengineeringgroup.com\/wp-content\/uploads\/2023\/08\/sxaASSA.jpg 900w, https:\/\/trustengineeringgroup.com\/wp-content\/uploads\/2023\/08\/sxaASSA-300x300.jpg 300w, https:\/\/trustengineeringgroup.com\/wp-content\/uploads\/2023\/08\/sxaASSA-150x150.jpg 150w, https:\/\/trustengineeringgroup.com\/wp-content\/uploads\/2023\/08\/sxaASSA-320x320.jpg 320w, https:\/\/trustengineeringgroup.com\/wp-content\/uploads\/2023\/08\/sxaASSA-760x760.jpg 760w\" sizes=\"(max-width: 780px) 100vw, 780px\" \/>\t\t\t\t\t\t\t\t<\/a>\n\t\t\t\t\t\t\t\t\t\t\t\t\t\t\t<\/div>\n\t\t\t\t<\/div>\n\t\t\t\t<div class=\"elementor-element elementor-element-4688dd2 elementor-widget elementor-widget-heading\" data-id=\"4688dd2\" data-element_type=\"widget\" data-e-type=\"widget\" data-widget_type=\"heading.default\">\n\t\t\t\t<div class=\"elementor-widget-container\">\n\t\t\t\t\t<h3 class=\"elementor-heading-title elementor-size-default\">Travaux d\u2019installation<\/h3>\t\t\t\t<\/div>\n\t\t\t\t<\/div>\n\t\t\t\t<div class=\"elementor-element elementor-element-26b4df0 elementor-widget elementor-widget-text-editor\" data-id=\"26b4df0\" data-element_type=\"widget\" data-e-type=\"widget\" data-widget_type=\"text-editor.default\">\n\t\t\t\t<div class=\"elementor-widget-container\">\n\t\t\t\t\t\t\t\t\tDes toits et des plafonds jusqu\u2019au niveau de la rue, notre \u00e9quipe ne se limite pas \u00e0 concevoir et analyser l&#8217;infrastructure, mais fournit \u00e9galement des services d&#8217;installation et de construction. Nous proposons des services de fabrication et d&#8217;installation de structures m\u00e9talliques sur la base des conceptions de nos experts en CAD. Nous effectuons \u00e9galement une visite de pr\u00e9-installation pour garantir une installation correcte sur le site.\t\t\t\t\t\t\t\t<\/div>\n\t\t\t\t<\/div>\n\t\t\t\t\t<\/div>\n\t\t<\/div>\n\t\t\t\t\t<\/div>\n\t\t<\/section>\n\t\t\t\t<div class=\"elementor-element elementor-element-dde04d7 elementor-align-left elementor-widget__width-auto elementor-widget elementor-widget-ld_button\" data-id=\"dde04d7\" data-element_type=\"widget\" data-e-type=\"widget\" data-widget_type=\"ld_button.default\">\n\t\t\t\t<div class=\"elementor-widget-container\">\n\t\t\t\t\t\n\t\t\t<a \n\t\t\t\thref=\"https:\/\/trustengineeringgroup.com\/fr\/installation\/\"class=\"elementor-button btn btn-solid btn-icon-sep btn-hover-txt-switch btn-hover-txt-switch-x btn-icon-right btn-has-label\"\t\t\t>\n\t\t\t\t\t\t\t\t\t<span data-text=\"En Savoir Plus\" class=\"btn-txt\" data-transition-delay=\"true\" data-delay-options=\"{&quot;elements&quot;: &quot;.lqd-chars&quot;, &quot;delayType&quot;: &quot;animation&quot;, &quot;startDelay&quot;: 0, &quot;delayBetween&quot;: 32.5}\" data-split-text=\"true\" data-split-options=\"{&quot;type&quot;: &quot;chars, words&quot;}\">\n\t\t\t\t\t\tEn Savoir Plus\t\t\t\t\t<\/span>\n\t\t\t\t\t\t\t\t\t\t\t\t\t\t<span class=\"btn-icon\">\n\t\t\t\t\t\t\t<i aria-hidden=\"true\" class=\"lqd-icn-ess icon-ion-ios-arrow-round-forward\"><\/i>\t\t\t\t\t\t<\/span>\n\t\t\t\t\t\t\t\t\t<\/a>\n\t\t\t\t\t\t\t<\/div>\n\t\t\t\t<\/div>\n\t\t\t\t\t<\/div>\n\t\t<\/div>\n\t\t\t\t\t<\/div>\n\t\t<\/section>\n\t\t\t\t<\/div>\n\t\t","protected":false},"excerpt":{"rendered":"<p>Services Etudes et inspections Notre \u00e9quipe de terrain s&#8217;assure que nos structures de t\u00e9l\u00e9communications offrent une exp\u00e9rience optimale \u00e0 nos clients en fournissant des \u00e9tudes intrusives et non intrusives telles que des \u00e9tudes de sol, des \u00e9tudes intrusives de toit, des tests de niveau, etc. Des services de maintenance sp\u00e9cialis\u00e9s sont disponibles pour une \u00e9valuation [&hellip;]<\/p>\n","protected":false},"author":1,"featured_media":0,"parent":0,"menu_order":0,"comment_status":"closed","ping_status":"closed","template":"elementor_header_footer","meta":{"nf_dc_page":"","footnotes":""},"class_list":["post-4802","page","type-page","status-publish","hentry"],"_links":{"self":[{"href":"https:\/\/trustengineeringgroup.com\/fr\/wp-json\/wp\/v2\/pages\/4802","targetHints":{"allow":["GET"]}}],"collection":[{"href":"https:\/\/trustengineeringgroup.com\/fr\/wp-json\/wp\/v2\/pages"}],"about":[{"href":"https:\/\/trustengineeringgroup.com\/fr\/wp-json\/wp\/v2\/types\/page"}],"author":[{"embeddable":true,"href":"https:\/\/trustengineeringgroup.com\/fr\/wp-json\/wp\/v2\/users\/1"}],"replies":[{"embeddable":true,"href":"https:\/\/trustengineeringgroup.com\/fr\/wp-json\/wp\/v2\/comments?post=4802"}],"version-history":[{"count":4,"href":"https:\/\/trustengineeringgroup.com\/fr\/wp-json\/wp\/v2\/pages\/4802\/revisions"}],"predecessor-version":[{"id":4808,"href":"https:\/\/trustengineeringgroup.com\/fr\/wp-json\/wp\/v2\/pages\/4802\/revisions\/4808"}],"wp:attachment":[{"href":"https:\/\/trustengineeringgroup.com\/fr\/wp-json\/wp\/v2\/media?parent=4802"}],"curies":[{"name":"wp","href":"https:\/\/api.w.org\/{rel}","templated":true}]}}