{"id":4603,"date":"2023-03-22T13:38:03","date_gmt":"2023-03-22T13:38:03","guid":{"rendered":"https:\/\/trustengineeringgroup.com\/departement-de-constructions-ingenieur-concepteur-2\/"},"modified":"2023-09-28T13:14:41","modified_gmt":"2023-09-28T13:14:41","slug":"departement-de-constructions-ingenieur-concepteur","status":"publish","type":"page","link":"https:\/\/trustengineeringgroup.com\/fr\/departement-de-constructions-ingenieur-concepteur\/","title":{"rendered":"D\u00e9partement de constructions \u2013 Ing\u00e9nieur concepteur"},"content":{"rendered":"\t\t<div data-elementor-type=\"wp-page\" data-elementor-id=\"4603\" class=\"elementor elementor-4603 elementor-1002\" data-elementor-settings=\"{&quot;ha_cmc_init_switcher&quot;:&quot;no&quot;}\" data-elementor-post-type=\"page\">\n\t\t\t\t\t\t<section class=\"elementor-section elementor-top-section elementor-element elementor-element-6095eac elementor-section-height-min-height elementor-section-boxed elementor-section-height-default elementor-section-items-middle\" data-id=\"6095eac\" data-element_type=\"section\" data-e-type=\"section\" data-settings=\"{&quot;background_background&quot;:&quot;classic&quot;,&quot;_ha_eqh_enable&quot;:false}\">\n\t\t\t\t\t\t\t<div class=\"elementor-background-overlay\"><\/div>\n\t\t\t\t\t\t\t<div class=\"elementor-container elementor-column-gap-default\">\n\t\t\t\t\t<div class=\"elementor-column elementor-col-100 elementor-top-column elementor-element elementor-element-41bc561\" data-id=\"41bc561\" data-element_type=\"column\" data-e-type=\"column\">\n\t\t\t<div class=\"elementor-widget-wrap elementor-element-populated\">\n\t\t\t\t\t\t<div class=\"elementor-element elementor-element-fb8585b elementor-widget elementor-widget-heading\" data-id=\"fb8585b\" data-element_type=\"widget\" data-e-type=\"widget\" data-widget_type=\"heading.default\">\n\t\t\t\t<div class=\"elementor-widget-container\">\n\t\t\t\t\t<h2 class=\"elementor-heading-title elementor-size-default\">D\u00e9partement de constructions \u2013 Ing\u00e9nieur concepteur<\/h2>\t\t\t\t<\/div>\n\t\t\t\t<\/div>\n\t\t\t\t<div class=\"elementor-element elementor-element-1ea5826 elementor-absolute elementor-widget elementor-widget-image\" data-id=\"1ea5826\" data-element_type=\"widget\" data-e-type=\"widget\" data-settings=\"{&quot;_position&quot;:&quot;absolute&quot;}\" data-widget_type=\"image.default\">\n\t\t\t\t<div class=\"elementor-widget-container\">\n\t\t\t\t\t\t\t\t\t\t\t\t\t\t\t<img fetchpriority=\"high\" decoding=\"async\" width=\"758\" height=\"616\" src=\"https:\/\/trustengineeringgroup.com\/wp-content\/uploads\/2023\/05\/installation.png\" class=\"attachment-large size-large wp-image-4248\" alt=\"\" srcset=\"https:\/\/trustengineeringgroup.com\/wp-content\/uploads\/2023\/05\/installation.png 758w, https:\/\/trustengineeringgroup.com\/wp-content\/uploads\/2023\/05\/installation-300x244.png 300w\" sizes=\"(max-width: 758px) 100vw, 758px\" \/>\t\t\t\t\t\t\t\t\t\t\t\t\t\t\t<\/div>\n\t\t\t\t<\/div>\n\t\t\t\t\t<\/div>\n\t\t<\/div>\n\t\t\t\t\t<\/div>\n\t\t<\/section>\n\t\t\t\t<section class=\"elementor-section elementor-top-section elementor-element elementor-element-1f04790 elementor-section-boxed elementor-section-height-default elementor-section-height-default\" data-id=\"1f04790\" data-element_type=\"section\" data-e-type=\"section\" data-settings=\"{&quot;_ha_eqh_enable&quot;:false}\">\n\t\t\t\t\t\t\t<div class=\"elementor-background-overlay\"><\/div>\n\t\t\t\t\t\t\t<div class=\"elementor-container elementor-column-gap-default\">\n\t\t\t\t\t<div class=\"elementor-column elementor-col-50 elementor-top-column elementor-element elementor-element-2af9107\" data-id=\"2af9107\" data-element_type=\"column\" data-e-type=\"column\">\n\t\t\t<div class=\"elementor-widget-wrap elementor-element-populated\">\n\t\t\t\t\t\t<div class=\"elementor-element elementor-element-fdda959 elementor-widget elementor-widget-heading\" data-id=\"fdda959\" data-element_type=\"widget\" data-e-type=\"widget\" data-widget_type=\"heading.default\">\n\t\t\t\t<div class=\"elementor-widget-container\">\n\t\t\t\t\t<h2 class=\"elementor-heading-title elementor-size-default\">Responsabilit\u00e9s<\/h2>\t\t\t\t<\/div>\n\t\t\t\t<\/div>\n\t\t\t\t<div class=\"elementor-element elementor-element-60e3756 elementor-widget elementor-widget-text-editor\" data-id=\"60e3756\" data-element_type=\"widget\" data-e-type=\"widget\" data-widget_type=\"text-editor.default\">\n\t\t\t\t<div class=\"elementor-widget-container\">\n\t\t\t\t\t\t\t\t\t<ul><li style=\"font-weight: 400;\" aria-level=\"1\">Produire des dessins de charpente m\u00e9tallique \u00e0 des fins de fabrication; Mod\u00e9lisation &amp; dessin 2D &amp; 3D.<\/li><\/ul>\t\t\t\t\t\t\t\t<\/div>\n\t\t\t\t<\/div>\n\t\t\t\t<div class=\"elementor-element elementor-element-bd58b46 elementor-widget elementor-widget-heading\" data-id=\"bd58b46\" data-element_type=\"widget\" data-e-type=\"widget\" data-widget_type=\"heading.default\">\n\t\t\t\t<div class=\"elementor-widget-container\">\n\t\t\t\t\t<h2 class=\"elementor-heading-title elementor-size-default\">Exigences<\/h2>\t\t\t\t<\/div>\n\t\t\t\t<\/div>\n\t\t\t\t<div class=\"elementor-element elementor-element-59005da elementor-widget elementor-widget-text-editor\" data-id=\"59005da\" data-element_type=\"widget\" data-e-type=\"widget\" data-widget_type=\"text-editor.default\">\n\t\t\t\t<div class=\"elementor-widget-container\">\n\t\t\t\t\t\t\t\t\t<ul><li style=\"font-weight: 400;\" aria-level=\"1\">Dipl\u00f4me de l&#8217;Universit\u00e9 Technique.<\/li><li style=\"font-weight: 400;\" aria-level=\"1\">Comp\u00e9tent dans l&#8217;utilisation d&#8217;AUTOCAD 2D et 3D.<\/li><li style=\"font-weight: 400;\" aria-level=\"1\">Exp\u00e9rience dans la d\u00e9tail des structures en acier.<\/li><li style=\"font-weight: 400;\" aria-level=\"1\">Capable de produire des dessins techniques de qualit\u00e9 en 2D &amp; 3D pour charpentes m\u00e9talliques \/ dessins de fabrication.<\/li><li style=\"font-weight: 400;\" aria-level=\"1\">Bonnes comp\u00e9tences en anglais parl\u00e9 et \u00e9crit.<\/li><li style=\"font-weight: 400;\" aria-level=\"1\">Au moins 2 ans d&#8217;exp\u00e9rience en dessins \/ conception de fabrication m\u00e9tallique dans AutoCAD.<\/li><\/ul>\t\t\t\t\t\t\t\t<\/div>\n\t\t\t\t<\/div>\n\t\t\t\t<div class=\"elementor-element elementor-element-0b8a027 elementor-widget elementor-widget-heading\" data-id=\"0b8a027\" data-element_type=\"widget\" data-e-type=\"widget\" data-widget_type=\"heading.default\">\n\t\t\t\t<div class=\"elementor-widget-container\">\n\t\t\t\t\t<h2 class=\"elementor-heading-title elementor-size-default\">Qualit\u00e9s cl\u00e9s<\/h2>\t\t\t\t<\/div>\n\t\t\t\t<\/div>\n\t\t\t\t<div class=\"elementor-element elementor-element-e78d669 elementor-widget elementor-widget-text-editor\" data-id=\"e78d669\" data-element_type=\"widget\" data-e-type=\"widget\" data-widget_type=\"text-editor.default\">\n\t\t\t\t<div class=\"elementor-widget-container\">\n\t\t\t\t\t\t\t\t\t<ul><li style=\"font-weight: 400;\" aria-level=\"1\">Positif &amp; proactif.<\/li><li style=\"font-weight: 400;\" aria-level=\"1\">Approche professionnelle de la qualit\u00e9, de la gestion du temps et des \u00e9ch\u00e9ances.<\/li><li style=\"font-weight: 400;\" aria-level=\"1\">Esprit de r\u00e9solution de probl\u00e8mes.<\/li><li style=\"font-weight: 400;\" aria-level=\"1\">Volont\u00e9 de cro\u00eetre et de s&#8217;\u00e9tendre.<\/li><li style=\"font-weight: 400;\" aria-level=\"1\">Esprit d&#8217;\u00e9quipe.<\/li><\/ul>\t\t\t\t\t\t\t\t<\/div>\n\t\t\t\t<\/div>\n\t\t\t\t<div class=\"elementor-element elementor-element-a33ad46 elementor-widget elementor-widget-heading\" data-id=\"a33ad46\" data-element_type=\"widget\" data-e-type=\"widget\" data-widget_type=\"heading.default\">\n\t\t\t\t<div class=\"elementor-widget-container\">\n\t\t\t\t\t<h2 class=\"elementor-heading-title elementor-size-default\">Avantages<\/h2>\t\t\t\t<\/div>\n\t\t\t\t<\/div>\n\t\t\t\t<div class=\"elementor-element elementor-element-631c4e5 elementor-widget elementor-widget-text-editor\" data-id=\"631c4e5\" data-element_type=\"widget\" data-e-type=\"widget\" data-widget_type=\"text-editor.default\">\n\t\t\t\t<div class=\"elementor-widget-container\">\n\t\t\t\t\t\t\t\t\t<ul><li style=\"font-weight: 400;\" aria-level=\"1\">Bonus &#8211; \u00e9tablis chaque ann\u00e9e.<\/li><li style=\"font-weight: 400;\" aria-level=\"1\">Assurance m\u00e9dicale priv\u00e9e &#8211; apr\u00e8s 6 mois d&#8217;emploi.<\/li><li style=\"font-weight: 400;\" aria-level=\"1\">Activit\u00e9s r\u00e9guli\u00e8res de team building.<\/li><li style=\"font-weight: 400;\" aria-level=\"1\">Exposition internationale et possibilit\u00e9 de voyager \u00e0 l&#8217;\u00e9tranger.<\/li><li style=\"font-weight: 400;\" aria-level=\"1\">Environnement professionnel et dynamique dans lequel vous pouvez vous d\u00e9velopper.<\/li><\/ul>\t\t\t\t\t\t\t\t<\/div>\n\t\t\t\t<\/div>\n\t\t\t\t\t<\/div>\n\t\t<\/div>\n\t\t\t\t<div class=\"elementor-column elementor-col-50 elementor-top-column elementor-element elementor-element-332b1bd\" data-id=\"332b1bd\" data-element_type=\"column\" data-e-type=\"column\">\n\t\t\t<div class=\"elementor-widget-wrap elementor-element-populated\">\n\t\t\t\t\t\t<div class=\"elementor-element elementor-element-ab2d1de elementor-widget elementor-widget-heading\" data-id=\"ab2d1de\" data-element_type=\"widget\" data-e-type=\"widget\" data-widget_type=\"heading.default\">\n\t\t\t\t<div class=\"elementor-widget-container\">\n\t\t\t\t\t<h2 class=\"elementor-heading-title elementor-size-default\">POSTES A POURVOIR <\/h2>\t\t\t\t<\/div>\n\t\t\t\t<\/div>\n\t\t\t\t<div class=\"elementor-element elementor-element-e0637f9 elementor-widget elementor-widget-heading\" data-id=\"e0637f9\" data-element_type=\"widget\" data-e-type=\"widget\" data-widget_type=\"heading.default\">\n\t\t\t\t<div class=\"elementor-widget-container\">\n\t\t\t\t\t<h3 class=\"elementor-heading-title elementor-size-default\">Fonctionnaire facturation<\/h3>\t\t\t\t<\/div>\n\t\t\t\t<\/div>\n\t\t\t\t<div class=\"elementor-element elementor-element-d1d87f2 elementor-widget__width-auto ha-has-bg-overlay elementor-widget elementor-widget-text-editor\" data-id=\"d1d87f2\" data-element_type=\"widget\" data-e-type=\"widget\" data-widget_type=\"text-editor.default\">\n\t\t\t\t<div class=\"elementor-widget-container\">\n\t\t\t\t\t\t\t\t\tD\u00e9partement de comptabilit\u00e9 \t\t\t\t\t\t\t\t<\/div>\n\t\t\t\t<\/div>\n\t\t\t\t<div class=\"elementor-element elementor-element-3f63474 elementor-align-left elementor-widget__width-auto elementor-widget elementor-widget-ld_button\" data-id=\"3f63474\" data-element_type=\"widget\" data-e-type=\"widget\" data-widget_type=\"ld_button.default\">\n\t\t\t\t<div class=\"elementor-widget-container\">\n\t\t\t\t\t\n\t\t\t<a \n\t\t\t\thref=\"https:\/\/trustengineeringgroup.com\/fr\/departement-de-comptabilite-fonctionnaire-facturation\/\"class=\"elementor-button btn btn-underlined border-thin btn-icon-shaped btn-has-label\"\t\t\t>\n\t\t\t\t\t\t\t\t\t<span data-text=\"En Savoir Plus\" class=\"btn-txt\">\n\t\t\t\t\t\tEn Savoir Plus\t\t\t\t\t<\/span>\n\t\t\t\t\t\t\t\t\t\t\t<\/a>\n\t\t\t\t\t\t\t<\/div>\n\t\t\t\t<\/div>\n\t\t\t\t<div class=\"elementor-element elementor-element-6f14bd1 elementor-widget-divider--view-line elementor-widget elementor-widget-divider\" data-id=\"6f14bd1\" data-element_type=\"widget\" data-e-type=\"widget\" data-widget_type=\"divider.default\">\n\t\t\t\t<div class=\"elementor-widget-container\">\n\t\t\t\t\t\t\t<div class=\"elementor-divider\">\n\t\t\t<span class=\"elementor-divider-separator\">\n\t\t\t\t\t\t<\/span>\n\t\t<\/div>\n\t\t\t\t\t\t<\/div>\n\t\t\t\t<\/div>\n\t\t\t\t<div class=\"elementor-element elementor-element-1733a0a elementor-widget elementor-widget-heading\" data-id=\"1733a0a\" data-element_type=\"widget\" data-e-type=\"widget\" data-widget_type=\"heading.default\">\n\t\t\t\t<div class=\"elementor-widget-container\">\n\t\t\t\t\t<h3 class=\"elementor-heading-title elementor-size-default\">Ing\u00e9nieur constructeur<\/h3>\t\t\t\t<\/div>\n\t\t\t\t<\/div>\n\t\t\t\t<div class=\"elementor-element elementor-element-cb01c65 elementor-widget__width-auto ha-has-bg-overlay elementor-widget elementor-widget-text-editor\" data-id=\"cb01c65\" data-element_type=\"widget\" data-e-type=\"widget\" data-widget_type=\"text-editor.default\">\n\t\t\t\t<div class=\"elementor-widget-container\">\n\t\t\t\t\t\t\t\t\tD\u00e9partement de constructions\t\t\t\t\t\t\t\t<\/div>\n\t\t\t\t<\/div>\n\t\t\t\t<div class=\"elementor-element elementor-element-fbe918a elementor-align-left elementor-widget__width-auto elementor-widget elementor-widget-ld_button\" data-id=\"fbe918a\" data-element_type=\"widget\" data-e-type=\"widget\" data-widget_type=\"ld_button.default\">\n\t\t\t\t<div class=\"elementor-widget-container\">\n\t\t\t\t\t\n\t\t\t<a \n\t\t\t\thref=\"https:\/\/trustengineeringgroup.com\/fr\/departement-de-constructions-ingenieur-constructeur\/\"class=\"elementor-button btn btn-underlined border-thin btn-icon-shaped btn-has-label\"\t\t\t>\n\t\t\t\t\t\t\t\t\t<span data-text=\"En Savoir Plus\" class=\"btn-txt\">\n\t\t\t\t\t\tEn Savoir Plus\t\t\t\t\t<\/span>\n\t\t\t\t\t\t\t\t\t\t\t<\/a>\n\t\t\t\t\t\t\t<\/div>\n\t\t\t\t<\/div>\n\t\t\t\t<div class=\"elementor-element elementor-element-5f4992b elementor-widget-divider--view-line elementor-widget elementor-widget-divider\" data-id=\"5f4992b\" data-element_type=\"widget\" data-e-type=\"widget\" data-widget_type=\"divider.default\">\n\t\t\t\t<div class=\"elementor-widget-container\">\n\t\t\t\t\t\t\t<div class=\"elementor-divider\">\n\t\t\t<span class=\"elementor-divider-separator\">\n\t\t\t\t\t\t<\/span>\n\t\t<\/div>\n\t\t\t\t\t\t<\/div>\n\t\t\t\t<\/div>\n\t\t\t\t<div class=\"elementor-element elementor-element-e88b493 elementor-widget elementor-widget-heading\" data-id=\"e88b493\" data-element_type=\"widget\" data-e-type=\"widget\" data-widget_type=\"heading.default\">\n\t\t\t\t<div class=\"elementor-widget-container\">\n\t\t\t\t\t<h3 class=\"elementor-heading-title elementor-size-default\">Manager de projet<\/h3>\t\t\t\t<\/div>\n\t\t\t\t<\/div>\n\t\t\t\t<div class=\"elementor-element elementor-element-e58ef6e elementor-widget__width-auto ha-has-bg-overlay elementor-widget elementor-widget-text-editor\" data-id=\"e58ef6e\" data-element_type=\"widget\" data-e-type=\"widget\" data-widget_type=\"text-editor.default\">\n\t\t\t\t<div class=\"elementor-widget-container\">\n\t\t\t\t\t\t\t\t\tD\u00e9partement de management de projet\t\t\t\t\t\t\t\t<\/div>\n\t\t\t\t<\/div>\n\t\t\t\t<div class=\"elementor-element elementor-element-2c1eeb6 elementor-align-left elementor-widget__width-auto elementor-widget elementor-widget-ld_button\" data-id=\"2c1eeb6\" data-element_type=\"widget\" data-e-type=\"widget\" data-widget_type=\"ld_button.default\">\n\t\t\t\t<div class=\"elementor-widget-container\">\n\t\t\t\t\t\n\t\t\t<a \n\t\t\t\thref=\"https:\/\/trustengineeringgroup.com\/fr\/departement-de-management-de-projet-manager-de-projet\/\"class=\"elementor-button btn btn-underlined border-thin btn-icon-shaped btn-has-label\"\t\t\t>\n\t\t\t\t\t\t\t\t\t<span data-text=\"En Savoir Plus\" class=\"btn-txt\">\n\t\t\t\t\t\tEn Savoir Plus\t\t\t\t\t<\/span>\n\t\t\t\t\t\t\t\t\t\t\t<\/a>\n\t\t\t\t\t\t\t<\/div>\n\t\t\t\t<\/div>\n\t\t\t\t<div class=\"elementor-element elementor-element-6bc7061 elementor-widget-divider--view-line elementor-widget elementor-widget-divider\" data-id=\"6bc7061\" data-element_type=\"widget\" data-e-type=\"widget\" data-widget_type=\"divider.default\">\n\t\t\t\t<div class=\"elementor-widget-container\">\n\t\t\t\t\t\t\t<div class=\"elementor-divider\">\n\t\t\t<span class=\"elementor-divider-separator\">\n\t\t\t\t\t\t<\/span>\n\t\t<\/div>\n\t\t\t\t\t\t<\/div>\n\t\t\t\t<\/div>\n\t\t\t\t<div class=\"elementor-element elementor-element-a281faf elementor-widget elementor-widget-heading\" data-id=\"a281faf\" data-element_type=\"widget\" data-e-type=\"widget\" data-widget_type=\"heading.default\">\n\t\t\t\t<div class=\"elementor-widget-container\">\n\t\t\t\t\t<h3 class=\"elementor-heading-title elementor-size-default\">Repr\u00e9sentant de ventes<\/h3>\t\t\t\t<\/div>\n\t\t\t\t<\/div>\n\t\t\t\t<div class=\"elementor-element elementor-element-0222adf elementor-widget__width-initial ha-has-bg-overlay elementor-widget elementor-widget-text-editor\" data-id=\"0222adf\" data-element_type=\"widget\" data-e-type=\"widget\" data-widget_type=\"text-editor.default\">\n\t\t\t\t<div class=\"elementor-widget-container\">\n\t\t\t\t\t\t\t\t\tD\u00e9partement de ventes\t\t\t\t\t\t\t\t<\/div>\n\t\t\t\t<\/div>\n\t\t\t\t<div class=\"elementor-element elementor-element-922ced6 elementor-align-left elementor-widget__width-auto elementor-widget elementor-widget-ld_button\" data-id=\"922ced6\" data-element_type=\"widget\" data-e-type=\"widget\" data-widget_type=\"ld_button.default\">\n\t\t\t\t<div class=\"elementor-widget-container\">\n\t\t\t\t\t\n\t\t\t<a \n\t\t\t\thref=\"https:\/\/trustengineeringgroup.com\/fr\/departement-de-ventes-representant-de-ventes\/\"class=\"elementor-button btn btn-underlined border-thin btn-icon-shaped btn-has-label\"\t\t\t>\n\t\t\t\t\t\t\t\t\t<span data-text=\"En Savoir Plus\" class=\"btn-txt\">\n\t\t\t\t\t\tEn Savoir Plus\t\t\t\t\t<\/span>\n\t\t\t\t\t\t\t\t\t\t\t<\/a>\n\t\t\t\t\t\t\t<\/div>\n\t\t\t\t<\/div>\n\t\t\t\t\t<\/div>\n\t\t<\/div>\n\t\t\t\t\t<\/div>\n\t\t<\/section>\n\t\t\t\t<section class=\"elementor-section elementor-top-section elementor-element elementor-element-815ac43 elementor-section-boxed elementor-section-height-default elementor-section-height-default\" data-id=\"815ac43\" data-element_type=\"section\" data-e-type=\"section\" data-settings=\"{&quot;background_background&quot;:&quot;classic&quot;,&quot;_ha_eqh_enable&quot;:false}\">\n\t\t\t\t\t\t\t<div class=\"elementor-background-overlay\"><\/div>\n\t\t\t\t\t\t\t<div class=\"elementor-container elementor-column-gap-default\">\n\t\t\t\t\t<div class=\"elementor-column elementor-col-100 elementor-top-column elementor-element elementor-element-58f7b34\" data-id=\"58f7b34\" data-element_type=\"column\" data-e-type=\"column\">\n\t\t\t<div class=\"elementor-widget-wrap elementor-element-populated\">\n\t\t\t\t\t\t<div class=\"elementor-element elementor-element-36fea7d elementor-widget elementor-widget-heading\" data-id=\"36fea7d\" data-element_type=\"widget\" data-e-type=\"widget\" data-widget_type=\"heading.default\">\n\t\t\t\t<div class=\"elementor-widget-container\">\n\t\t\t\t\t<h2 class=\"elementor-heading-title elementor-size-default\">EVOLUEZ AVEC NOUS! POSTULER MAINTENANT. <\/h2>\t\t\t\t<\/div>\n\t\t\t\t<\/div>\n\t\t\t\t<div class=\"elementor-element elementor-element-72f2bc3 elementor-align-left elementor-widget__width-auto elementor-widget elementor-widget-ld_button\" data-id=\"72f2bc3\" data-element_type=\"widget\" data-e-type=\"widget\" data-widget_type=\"ld_button.default\">\n\t\t\t\t<div class=\"elementor-widget-container\">\n\t\t\t\t\t\n\t\t\t<a \n\t\t\t\thref=\"https:\/\/app.smartsheet.com\/b\/form\/8205be3528d3481e82af38baad52e40a\" target=\"_blank\"class=\"elementor-button btn btn-solid btn-icon-sep btn-hover-txt-switch btn-hover-txt-switch-x btn-icon-right btn-has-label\"\t\t\t>\n\t\t\t\t\t\t\t\t\t<span data-text=\"Postuler Maintenant\" class=\"btn-txt\" data-transition-delay=\"true\" data-delay-options=\"{&quot;elements&quot;: &quot;.lqd-chars&quot;, &quot;delayType&quot;: &quot;animation&quot;, &quot;startDelay&quot;: 0, &quot;delayBetween&quot;: 32.5}\" data-split-text=\"true\" data-split-options=\"{&quot;type&quot;: &quot;chars, words&quot;}\">\n\t\t\t\t\t\tPostuler Maintenant\t\t\t\t\t<\/span>\n\t\t\t\t\t\t\t\t\t\t\t\t\t\t<span class=\"btn-icon\">\n\t\t\t\t\t\t\t<i aria-hidden=\"true\" class=\"lqd-icn-ess icon-ion-ios-arrow-round-forward\"><\/i>\t\t\t\t\t\t<\/span>\n\t\t\t\t\t\t\t\t\t<\/a>\n\t\t\t\t\t\t\t<\/div>\n\t\t\t\t<\/div>\n\t\t\t\t\t<\/div>\n\t\t<\/div>\n\t\t\t\t\t<\/div>\n\t\t<\/section>\n\t\t\t\t<\/div>\n\t\t","protected":false},"excerpt":{"rendered":"<p>Responsabilit\u00e9s Produire des dessins de charpente m\u00e9tallique \u00e0 des fins de fabrication; Mod\u00e9lisation &amp; dessin 2D &amp; 3D. Exigences Dipl\u00f4me de l&#8217;Universit\u00e9 Technique. Comp\u00e9tent dans l&#8217;utilisation d&#8217;AUTOCAD 2D et 3D. Exp\u00e9rience dans la d\u00e9tail des structures en acier. Capable de produire des dessins techniques de qualit\u00e9 en 2D &amp; 3D pour charpentes m\u00e9talliques \/ dessins [&hellip;]<\/p>\n","protected":false},"author":1,"featured_media":0,"parent":0,"menu_order":0,"comment_status":"closed","ping_status":"closed","template":"elementor_header_footer","meta":{"nf_dc_page":"","footnotes":""},"class_list":["post-4603","page","type-page","status-publish","hentry"],"_links":{"self":[{"href":"https:\/\/trustengineeringgroup.com\/fr\/wp-json\/wp\/v2\/pages\/4603","targetHints":{"allow":["GET"]}}],"collection":[{"href":"https:\/\/trustengineeringgroup.com\/fr\/wp-json\/wp\/v2\/pages"}],"about":[{"href":"https:\/\/trustengineeringgroup.com\/fr\/wp-json\/wp\/v2\/types\/page"}],"author":[{"embeddable":true,"href":"https:\/\/trustengineeringgroup.com\/fr\/wp-json\/wp\/v2\/users\/1"}],"replies":[{"embeddable":true,"href":"https:\/\/trustengineeringgroup.com\/fr\/wp-json\/wp\/v2\/comments?post=4603"}],"version-history":[{"count":14,"href":"https:\/\/trustengineeringgroup.com\/fr\/wp-json\/wp\/v2\/pages\/4603\/revisions"}],"predecessor-version":[{"id":4729,"href":"https:\/\/trustengineeringgroup.com\/fr\/wp-json\/wp\/v2\/pages\/4603\/revisions\/4729"}],"wp:attachment":[{"href":"https:\/\/trustengineeringgroup.com\/fr\/wp-json\/wp\/v2\/media?parent=4603"}],"curies":[{"name":"wp","href":"https:\/\/api.w.org\/{rel}","templated":true}]}}