{"id":4804,"date":"2023-03-22T05:22:23","date_gmt":"2023-03-22T05:22:23","guid":{"rendered":"https:\/\/trustengineeringgroup.com\/dienstleistungen\/"},"modified":"2023-09-29T06:22:04","modified_gmt":"2023-09-29T06:22:04","slug":"dienstleistungen","status":"publish","type":"page","link":"https:\/\/trustengineeringgroup.com\/de\/dienstleistungen\/","title":{"rendered":"Dienstleistungen"},"content":{"rendered":"\t\t<div data-elementor-type=\"wp-page\" data-elementor-id=\"4804\" class=\"elementor elementor-4804 elementor-551\" data-elementor-settings=\"{&quot;ha_cmc_init_switcher&quot;:&quot;no&quot;}\" data-elementor-post-type=\"page\">\n\t\t\t\t\t\t<section class=\"elementor-section elementor-top-section elementor-element elementor-element-2136126 elementor-section-height-min-height elementor-section-boxed elementor-section-height-default elementor-section-items-middle\" data-id=\"2136126\" data-element_type=\"section\" data-e-type=\"section\" data-settings=\"{&quot;background_background&quot;:&quot;classic&quot;,&quot;_ha_eqh_enable&quot;:false}\">\n\t\t\t\t\t\t\t<div class=\"elementor-background-overlay\"><\/div>\n\t\t\t\t\t\t\t<div class=\"elementor-container elementor-column-gap-default\">\n\t\t\t\t\t<div class=\"elementor-column elementor-col-50 elementor-top-column elementor-element elementor-element-622571a\" data-id=\"622571a\" data-element_type=\"column\" data-e-type=\"column\">\n\t\t\t<div class=\"elementor-widget-wrap elementor-element-populated\">\n\t\t\t\t\t\t<div class=\"elementor-element elementor-element-8e14b79 elementor-widget elementor-widget-heading\" data-id=\"8e14b79\" data-element_type=\"widget\" data-e-type=\"widget\" data-widget_type=\"heading.default\">\n\t\t\t\t<div class=\"elementor-widget-container\">\n\t\t\t\t\t<h1 class=\"elementor-heading-title elementor-size-default\">Dienstleistungen<\/h1>\t\t\t\t<\/div>\n\t\t\t\t<\/div>\n\t\t\t\t\t<\/div>\n\t\t<\/div>\n\t\t\t\t<div class=\"elementor-column elementor-col-50 elementor-top-column elementor-element elementor-element-666e4f1\" data-id=\"666e4f1\" data-element_type=\"column\" data-e-type=\"column\">\n\t\t\t<div class=\"elementor-widget-wrap elementor-element-populated\">\n\t\t\t\t\t\t<div class=\"elementor-element elementor-element-6807650 elementor-widget elementor-widget-image\" data-id=\"6807650\" data-element_type=\"widget\" data-e-type=\"widget\" data-settings=\"{&quot;motion_fx_motion_fx_scrolling&quot;:&quot;yes&quot;,&quot;motion_fx_translateY_effect&quot;:&quot;yes&quot;,&quot;motion_fx_translateY_speed&quot;:{&quot;unit&quot;:&quot;px&quot;,&quot;size&quot;:2.20000000000000017763568394002504646778106689453125,&quot;sizes&quot;:[]},&quot;motion_fx_translateY_affectedRange&quot;:{&quot;unit&quot;:&quot;%&quot;,&quot;size&quot;:&quot;&quot;,&quot;sizes&quot;:{&quot;start&quot;:0,&quot;end&quot;:100}},&quot;motion_fx_devices&quot;:[&quot;desktop&quot;,&quot;tablet&quot;,&quot;mobile&quot;]}\" data-widget_type=\"image.default\">\n\t\t\t\t<div class=\"elementor-widget-container\">\n\t\t\t\t\t\t\t\t\t\t\t\t\t\t\t<img fetchpriority=\"high\" decoding=\"async\" width=\"717\" height=\"623\" src=\"https:\/\/trustengineeringgroup.com\/wp-content\/uploads\/2023\/09\/image-hero-graphic.png\" class=\"attachment-large size-large wp-image-4533\" alt=\"\" srcset=\"https:\/\/trustengineeringgroup.com\/wp-content\/uploads\/2023\/09\/image-hero-graphic.png 717w, https:\/\/trustengineeringgroup.com\/wp-content\/uploads\/2023\/09\/image-hero-graphic-300x261.png 300w\" sizes=\"(max-width: 717px) 100vw, 717px\" \/>\t\t\t\t\t\t\t\t\t\t\t\t\t\t\t<\/div>\n\t\t\t\t<\/div>\n\t\t\t\t\t<\/div>\n\t\t<\/div>\n\t\t\t\t\t<\/div>\n\t\t<\/section>\n\t\t\t\t<section class=\"elementor-section elementor-top-section elementor-element elementor-element-065e026 elementor-section-full_width elementor-section-height-default elementor-section-height-default\" data-id=\"065e026\" data-element_type=\"section\" data-e-type=\"section\" data-settings=\"{&quot;_ha_eqh_enable&quot;:false}\">\n\t\t\t\t\t\t<div class=\"elementor-container elementor-column-gap-default\">\n\t\t\t\t\t<div class=\"elementor-column elementor-col-25 elementor-top-column elementor-element elementor-element-15d22ab\" data-id=\"15d22ab\" data-element_type=\"column\" data-e-type=\"column\">\n\t\t\t<div class=\"elementor-widget-wrap elementor-element-populated\">\n\t\t\t\t\t\t<section class=\"elementor-section elementor-inner-section elementor-element elementor-element-bcd7ad5 elementor-section-boxed elementor-section-height-default elementor-section-height-default\" data-id=\"bcd7ad5\" data-element_type=\"section\" data-e-type=\"section\" data-settings=\"{&quot;_ha_eqh_enable&quot;:false}\">\n\t\t\t\t\t\t<div class=\"elementor-container elementor-column-gap-default\">\n\t\t\t\t\t<div class=\"elementor-column elementor-col-100 elementor-inner-column elementor-element elementor-element-51d455f\" data-id=\"51d455f\" data-element_type=\"column\" data-e-type=\"column\">\n\t\t\t<div class=\"elementor-widget-wrap elementor-element-populated\">\n\t\t\t\t\t\t<div class=\"elementor-element elementor-element-86c340d elementor-widget elementor-widget-image\" data-id=\"86c340d\" data-element_type=\"widget\" data-e-type=\"widget\" data-widget_type=\"image.default\">\n\t\t\t\t<div class=\"elementor-widget-container\">\n\t\t\t\t\t\t\t\t\t\t\t\t\t\t\t\t<a href=\"https:\/\/trustengineeringgroup.com\/de\/studien-und-inspektionen\/\">\n\t\t\t\t\t\t\t<img decoding=\"async\" width=\"780\" height=\"780\" src=\"https:\/\/trustengineeringgroup.com\/wp-content\/uploads\/2023\/06\/survey_01.jpg\" class=\"elementor-animation-float attachment-large size-large wp-image-4275\" alt=\"\" srcset=\"https:\/\/trustengineeringgroup.com\/wp-content\/uploads\/2023\/06\/survey_01.jpg 900w, https:\/\/trustengineeringgroup.com\/wp-content\/uploads\/2023\/06\/survey_01-300x300.jpg 300w, https:\/\/trustengineeringgroup.com\/wp-content\/uploads\/2023\/06\/survey_01-150x150.jpg 150w, https:\/\/trustengineeringgroup.com\/wp-content\/uploads\/2023\/06\/survey_01-320x320.jpg 320w, https:\/\/trustengineeringgroup.com\/wp-content\/uploads\/2023\/06\/survey_01-760x760.jpg 760w\" sizes=\"(max-width: 780px) 100vw, 780px\" \/>\t\t\t\t\t\t\t\t<\/a>\n\t\t\t\t\t\t\t\t\t\t\t\t\t\t\t<\/div>\n\t\t\t\t<\/div>\n\t\t\t\t<div class=\"elementor-element elementor-element-3774bdc elementor-widget elementor-widget-heading\" data-id=\"3774bdc\" data-element_type=\"widget\" data-e-type=\"widget\" data-widget_type=\"heading.default\">\n\t\t\t\t<div class=\"elementor-widget-container\">\n\t\t\t\t\t<h3 class=\"elementor-heading-title elementor-size-default\">Studien und Inspektionen<\/h3>\t\t\t\t<\/div>\n\t\t\t\t<\/div>\n\t\t\t\t<div class=\"elementor-element elementor-element-74c30f8 elementor-widget elementor-widget-text-editor\" data-id=\"74c30f8\" data-element_type=\"widget\" data-e-type=\"widget\" data-widget_type=\"text-editor.default\">\n\t\t\t\t<div class=\"elementor-widget-container\">\n\t\t\t\t\t\t\t\t\tUnser Team vor Ort stellt sicher, dass unsere Telekommunikationsstrukturen unseren Kunden ein optimales Erlebnis bieten, indem es intrusive und nicht-intrusive Untersuchungen wie Bodenuntersuchungen, intrusive Dachuntersuchungen, Pegelmessungen usw. durchf\u00fchrt. Spezialisierte Wartungsdienste stehen f\u00fcr die kritische Bewertung eines gro\u00dfen Portfolios von Zielen zur Verf\u00fcgung.\t\t\t\t\t\t\t\t<\/div>\n\t\t\t\t<\/div>\n\t\t\t\t\t<\/div>\n\t\t<\/div>\n\t\t\t\t\t<\/div>\n\t\t<\/section>\n\t\t\t\t<div class=\"elementor-element elementor-element-642d384 elementor-align-left elementor-widget__width-auto elementor-widget elementor-widget-ld_button\" data-id=\"642d384\" data-element_type=\"widget\" data-e-type=\"widget\" data-widget_type=\"ld_button.default\">\n\t\t\t\t<div class=\"elementor-widget-container\">\n\t\t\t\t\t\n\t\t\t<a \n\t\t\t\thref=\"https:\/\/trustengineeringgroup.com\/de\/studien-und-inspektionen\/\"class=\"elementor-button btn btn-solid btn-icon-sep btn-hover-txt-switch btn-hover-txt-switch-x btn-icon-right btn-has-label\"\t\t\t>\n\t\t\t\t\t\t\t\t\t<span data-text=\"Mehr Erfahren\" class=\"btn-txt\" data-transition-delay=\"true\" data-delay-options=\"{&quot;elements&quot;: &quot;.lqd-chars&quot;, &quot;delayType&quot;: &quot;animation&quot;, &quot;startDelay&quot;: 0, &quot;delayBetween&quot;: 32.5}\" data-split-text=\"true\" data-split-options=\"{&quot;type&quot;: &quot;chars, words&quot;}\">\n\t\t\t\t\t\tMehr Erfahren\t\t\t\t\t<\/span>\n\t\t\t\t\t\t\t\t\t\t\t\t\t\t<span class=\"btn-icon\">\n\t\t\t\t\t\t\t<i aria-hidden=\"true\" class=\"lqd-icn-ess icon-ion-ios-arrow-round-forward\"><\/i>\t\t\t\t\t\t<\/span>\n\t\t\t\t\t\t\t\t\t<\/a>\n\t\t\t\t\t\t\t<\/div>\n\t\t\t\t<\/div>\n\t\t\t\t\t<\/div>\n\t\t<\/div>\n\t\t\t\t<div class=\"elementor-column elementor-col-25 elementor-top-column elementor-element elementor-element-fccb33d\" data-id=\"fccb33d\" data-element_type=\"column\" data-e-type=\"column\">\n\t\t\t<div class=\"elementor-widget-wrap elementor-element-populated\">\n\t\t\t\t\t\t<section class=\"elementor-section elementor-inner-section elementor-element elementor-element-fd2830c elementor-section-boxed elementor-section-height-default elementor-section-height-default\" data-id=\"fd2830c\" data-element_type=\"section\" data-e-type=\"section\" data-settings=\"{&quot;_ha_eqh_enable&quot;:false}\">\n\t\t\t\t\t\t<div class=\"elementor-container elementor-column-gap-default\">\n\t\t\t\t\t<div class=\"elementor-column elementor-col-100 elementor-inner-column elementor-element elementor-element-f1cec9e\" data-id=\"f1cec9e\" data-element_type=\"column\" data-e-type=\"column\">\n\t\t\t<div class=\"elementor-widget-wrap elementor-element-populated\">\n\t\t\t\t\t\t<div class=\"elementor-element elementor-element-2f33824 elementor-widget elementor-widget-image\" data-id=\"2f33824\" data-element_type=\"widget\" data-e-type=\"widget\" data-widget_type=\"image.default\">\n\t\t\t\t<div class=\"elementor-widget-container\">\n\t\t\t\t\t\t\t\t\t\t\t\t\t\t\t\t<a href=\"https:\/\/trustengineeringgroup.com\/de\/design-dienstleistungen\/\">\n\t\t\t\t\t\t\t<img decoding=\"async\" width=\"780\" height=\"780\" src=\"https:\/\/trustengineeringgroup.com\/wp-content\/uploads\/2023\/06\/design_services.jpg\" class=\"elementor-animation-float attachment-large size-large wp-image-4277\" alt=\"\" srcset=\"https:\/\/trustengineeringgroup.com\/wp-content\/uploads\/2023\/06\/design_services.jpg 900w, https:\/\/trustengineeringgroup.com\/wp-content\/uploads\/2023\/06\/design_services-300x300.jpg 300w, https:\/\/trustengineeringgroup.com\/wp-content\/uploads\/2023\/06\/design_services-150x150.jpg 150w, https:\/\/trustengineeringgroup.com\/wp-content\/uploads\/2023\/06\/design_services-320x320.jpg 320w, https:\/\/trustengineeringgroup.com\/wp-content\/uploads\/2023\/06\/design_services-760x760.jpg 760w\" sizes=\"(max-width: 780px) 100vw, 780px\" \/>\t\t\t\t\t\t\t\t<\/a>\n\t\t\t\t\t\t\t\t\t\t\t\t\t\t\t<\/div>\n\t\t\t\t<\/div>\n\t\t\t\t<div class=\"elementor-element elementor-element-493f172 elementor-widget elementor-widget-heading\" data-id=\"493f172\" data-element_type=\"widget\" data-e-type=\"widget\" data-widget_type=\"heading.default\">\n\t\t\t\t<div class=\"elementor-widget-container\">\n\t\t\t\t\t<h3 class=\"elementor-heading-title elementor-size-default\">Design Dienstleistungen<\/h3>\t\t\t\t<\/div>\n\t\t\t\t<\/div>\n\t\t\t\t<div class=\"elementor-element elementor-element-c384154 elementor-widget elementor-widget-text-editor\" data-id=\"c384154\" data-element_type=\"widget\" data-e-type=\"widget\" data-widget_type=\"text-editor.default\">\n\t\t\t\t<div class=\"elementor-widget-container\">\n\t\t\t\t\t\t\t\t\tUnsere CAD-Experten sind erfahren in der Planung und Verst\u00e4rkung von Beton-, Stahl-, Mauerwerks- und Holzkonstruktionen in erdbebengef\u00e4hrdeten und nicht erdbebengef\u00e4hrdeten Gebieten. Zu unseren Hauptprodukten geh\u00f6ren \u00c4nderungs- und Verst\u00e4rkungszeichnungen im Zusammenhang mit Sanierungsarbeiten, neuen Konstruktionsvorschl\u00e4gen und Nachr\u00fcstungen. Wir verwenden 3D-Modellierungssoftware, um eine korrekte Installation vor Ort zu gew\u00e4hrleisten.\t\t\t\t\t\t\t\t<\/div>\n\t\t\t\t<\/div>\n\t\t\t\t\t<\/div>\n\t\t<\/div>\n\t\t\t\t\t<\/div>\n\t\t<\/section>\n\t\t\t\t<div class=\"elementor-element elementor-element-0515c71 elementor-align-left elementor-widget__width-auto elementor-widget elementor-widget-ld_button\" data-id=\"0515c71\" data-element_type=\"widget\" data-e-type=\"widget\" data-widget_type=\"ld_button.default\">\n\t\t\t\t<div class=\"elementor-widget-container\">\n\t\t\t\t\t\n\t\t\t<a \n\t\t\t\thref=\"https:\/\/trustengineeringgroup.com\/de\/design-dienstleistungen\/\"class=\"elementor-button btn btn-solid btn-icon-sep btn-hover-txt-switch btn-hover-txt-switch-x btn-icon-right btn-has-label\"\t\t\t>\n\t\t\t\t\t\t\t\t\t<span data-text=\"Mehr Erfahren\" class=\"btn-txt\" data-transition-delay=\"true\" data-delay-options=\"{&quot;elements&quot;: &quot;.lqd-chars&quot;, &quot;delayType&quot;: &quot;animation&quot;, &quot;startDelay&quot;: 0, &quot;delayBetween&quot;: 32.5}\" data-split-text=\"true\" data-split-options=\"{&quot;type&quot;: &quot;chars, words&quot;}\">\n\t\t\t\t\t\tMehr Erfahren\t\t\t\t\t<\/span>\n\t\t\t\t\t\t\t\t\t\t\t\t\t\t<span class=\"btn-icon\">\n\t\t\t\t\t\t\t<i aria-hidden=\"true\" class=\"lqd-icn-ess icon-ion-ios-arrow-round-forward\"><\/i>\t\t\t\t\t\t<\/span>\n\t\t\t\t\t\t\t\t\t<\/a>\n\t\t\t\t\t\t\t<\/div>\n\t\t\t\t<\/div>\n\t\t\t\t\t<\/div>\n\t\t<\/div>\n\t\t\t\t<div class=\"elementor-column elementor-col-25 elementor-top-column elementor-element elementor-element-136b7da\" data-id=\"136b7da\" data-element_type=\"column\" data-e-type=\"column\">\n\t\t\t<div class=\"elementor-widget-wrap elementor-element-populated\">\n\t\t\t\t\t\t<section class=\"elementor-section elementor-inner-section elementor-element elementor-element-be53f15 elementor-section-boxed elementor-section-height-default elementor-section-height-default\" data-id=\"be53f15\" data-element_type=\"section\" data-e-type=\"section\" data-settings=\"{&quot;_ha_eqh_enable&quot;:false}\">\n\t\t\t\t\t\t<div class=\"elementor-container elementor-column-gap-default\">\n\t\t\t\t\t<div class=\"elementor-column elementor-col-100 elementor-inner-column elementor-element elementor-element-a2643a1\" data-id=\"a2643a1\" data-element_type=\"column\" data-e-type=\"column\">\n\t\t\t<div class=\"elementor-widget-wrap elementor-element-populated\">\n\t\t\t\t\t\t<div class=\"elementor-element elementor-element-f4c1bdd elementor-widget elementor-widget-image\" data-id=\"f4c1bdd\" data-element_type=\"widget\" data-e-type=\"widget\" data-widget_type=\"image.default\">\n\t\t\t\t<div class=\"elementor-widget-container\">\n\t\t\t\t\t\t\t\t\t\t\t\t\t\t\t\t<a href=\"https:\/\/trustengineeringgroup.com\/de\/ingenieurleistungen\/\">\n\t\t\t\t\t\t\t<img loading=\"lazy\" decoding=\"async\" width=\"780\" height=\"780\" src=\"https:\/\/trustengineeringgroup.com\/wp-content\/uploads\/2023\/06\/engineering_01.jpg\" class=\"elementor-animation-float attachment-large size-large wp-image-4279\" alt=\"\" srcset=\"https:\/\/trustengineeringgroup.com\/wp-content\/uploads\/2023\/06\/engineering_01.jpg 900w, https:\/\/trustengineeringgroup.com\/wp-content\/uploads\/2023\/06\/engineering_01-300x300.jpg 300w, https:\/\/trustengineeringgroup.com\/wp-content\/uploads\/2023\/06\/engineering_01-150x150.jpg 150w, https:\/\/trustengineeringgroup.com\/wp-content\/uploads\/2023\/06\/engineering_01-320x320.jpg 320w, https:\/\/trustengineeringgroup.com\/wp-content\/uploads\/2023\/06\/engineering_01-760x760.jpg 760w\" sizes=\"(max-width: 780px) 100vw, 780px\" \/>\t\t\t\t\t\t\t\t<\/a>\n\t\t\t\t\t\t\t\t\t\t\t\t\t\t\t<\/div>\n\t\t\t\t<\/div>\n\t\t\t\t<div class=\"elementor-element elementor-element-b0ceabc elementor-widget elementor-widget-heading\" data-id=\"b0ceabc\" data-element_type=\"widget\" data-e-type=\"widget\" data-widget_type=\"heading.default\">\n\t\t\t\t<div class=\"elementor-widget-container\">\n\t\t\t\t\t<h3 class=\"elementor-heading-title elementor-size-default\"><a href=\"https:\/\/trustengineeringgroup.com\/de\/ingenieurleistungen\/\">Ingenieurleistungen<\/a><\/h3>\t\t\t\t<\/div>\n\t\t\t\t<\/div>\n\t\t\t\t<div class=\"elementor-element elementor-element-d1ea932 elementor-widget elementor-widget-text-editor\" data-id=\"d1ea932\" data-element_type=\"widget\" data-e-type=\"widget\" data-widget_type=\"text-editor.default\">\n\t\t\t\t<div class=\"elementor-widget-container\">\n\t\t\t\t\t\t\t\t\tUnser Team verf\u00fcgt \u00fcber das technische Wissen und die Erfahrung, um das Asset Management aus einer strukturellen Perspektive zu steuern. Abh\u00e4ngig von den Zielen des Kunden, den strukturellen Arbeiten und der Projektdauer analysieren und entwerfen wir einzigartige, ma\u00dfgeschneiderte Strukturen, um maximale Konnektivit\u00e4t zu gew\u00e4hrleisten. Au\u00dferdem aktualisieren wir unsere Methoden aktiv durch die Zusammenarbeit mit f\u00fchrenden Experten auf diesem Gebiet.\t\t\t\t\t\t\t\t<\/div>\n\t\t\t\t<\/div>\n\t\t\t\t\t<\/div>\n\t\t<\/div>\n\t\t\t\t\t<\/div>\n\t\t<\/section>\n\t\t\t\t<div class=\"elementor-element elementor-element-67cf6a0 elementor-align-left elementor-widget__width-auto elementor-widget elementor-widget-ld_button\" data-id=\"67cf6a0\" data-element_type=\"widget\" data-e-type=\"widget\" data-widget_type=\"ld_button.default\">\n\t\t\t\t<div class=\"elementor-widget-container\">\n\t\t\t\t\t\n\t\t\t<a \n\t\t\t\thref=\"https:\/\/trustengineeringgroup.com\/de\/ingenieurleistungen\/\"class=\"elementor-button btn btn-solid btn-icon-sep btn-hover-txt-switch btn-hover-txt-switch-x btn-icon-right btn-has-label\"\t\t\t>\n\t\t\t\t\t\t\t\t\t<span data-text=\"Mehr Erfahren\" class=\"btn-txt\" data-transition-delay=\"true\" data-delay-options=\"{&quot;elements&quot;: &quot;.lqd-chars&quot;, &quot;delayType&quot;: &quot;animation&quot;, &quot;startDelay&quot;: 0, &quot;delayBetween&quot;: 32.5}\" data-split-text=\"true\" data-split-options=\"{&quot;type&quot;: &quot;chars, words&quot;}\">\n\t\t\t\t\t\tMehr Erfahren\t\t\t\t\t<\/span>\n\t\t\t\t\t\t\t\t\t\t\t\t\t\t<span class=\"btn-icon\">\n\t\t\t\t\t\t\t<i aria-hidden=\"true\" class=\"lqd-icn-ess icon-ion-ios-arrow-round-forward\"><\/i>\t\t\t\t\t\t<\/span>\n\t\t\t\t\t\t\t\t\t<\/a>\n\t\t\t\t\t\t\t<\/div>\n\t\t\t\t<\/div>\n\t\t\t\t\t<\/div>\n\t\t<\/div>\n\t\t\t\t<div class=\"elementor-column elementor-col-25 elementor-top-column elementor-element elementor-element-0f79017\" data-id=\"0f79017\" data-element_type=\"column\" data-e-type=\"column\" data-settings=\"{&quot;background_background&quot;:&quot;classic&quot;}\">\n\t\t\t<div class=\"elementor-widget-wrap elementor-element-populated\">\n\t\t\t\t\t\t<section class=\"elementor-section elementor-inner-section elementor-element elementor-element-960177f elementor-section-boxed elementor-section-height-default elementor-section-height-default\" data-id=\"960177f\" data-element_type=\"section\" data-e-type=\"section\" data-settings=\"{&quot;_ha_eqh_enable&quot;:false}\">\n\t\t\t\t\t\t<div class=\"elementor-container elementor-column-gap-default\">\n\t\t\t\t\t<div class=\"elementor-column elementor-col-100 elementor-inner-column elementor-element elementor-element-e678daf\" data-id=\"e678daf\" data-element_type=\"column\" data-e-type=\"column\">\n\t\t\t<div class=\"elementor-widget-wrap elementor-element-populated\">\n\t\t\t\t\t\t<div class=\"elementor-element elementor-element-82bd47e elementor-widget elementor-widget-image\" data-id=\"82bd47e\" data-element_type=\"widget\" data-e-type=\"widget\" data-widget_type=\"image.default\">\n\t\t\t\t<div class=\"elementor-widget-container\">\n\t\t\t\t\t\t\t\t\t\t\t\t\t\t\t\t<a href=\"https:\/\/trustengineeringgroup.com\/de\/installation\/\">\n\t\t\t\t\t\t\t<img loading=\"lazy\" decoding=\"async\" width=\"780\" height=\"780\" src=\"https:\/\/trustengineeringgroup.com\/wp-content\/uploads\/2023\/08\/sxaASSA.jpg\" class=\"elementor-animation-float attachment-large size-large wp-image-4445\" alt=\"\" srcset=\"https:\/\/trustengineeringgroup.com\/wp-content\/uploads\/2023\/08\/sxaASSA.jpg 900w, https:\/\/trustengineeringgroup.com\/wp-content\/uploads\/2023\/08\/sxaASSA-300x300.jpg 300w, https:\/\/trustengineeringgroup.com\/wp-content\/uploads\/2023\/08\/sxaASSA-150x150.jpg 150w, https:\/\/trustengineeringgroup.com\/wp-content\/uploads\/2023\/08\/sxaASSA-320x320.jpg 320w, https:\/\/trustengineeringgroup.com\/wp-content\/uploads\/2023\/08\/sxaASSA-760x760.jpg 760w\" sizes=\"(max-width: 780px) 100vw, 780px\" \/>\t\t\t\t\t\t\t\t<\/a>\n\t\t\t\t\t\t\t\t\t\t\t\t\t\t\t<\/div>\n\t\t\t\t<\/div>\n\t\t\t\t<div class=\"elementor-element elementor-element-4688dd2 elementor-widget elementor-widget-heading\" data-id=\"4688dd2\" data-element_type=\"widget\" data-e-type=\"widget\" data-widget_type=\"heading.default\">\n\t\t\t\t<div class=\"elementor-widget-container\">\n\t\t\t\t\t<h3 class=\"elementor-heading-title elementor-size-default\">Installationsarbeiten<\/h3>\t\t\t\t<\/div>\n\t\t\t\t<\/div>\n\t\t\t\t<div class=\"elementor-element elementor-element-26b4df0 elementor-widget elementor-widget-text-editor\" data-id=\"26b4df0\" data-element_type=\"widget\" data-e-type=\"widget\" data-widget_type=\"text-editor.default\">\n\t\t\t\t<div class=\"elementor-widget-container\">\n\t\t\t\t\t\t\t\t\tVon D\u00e4chern und Decken bis hin zum Stra\u00dfenniveau entwirft und analysiert unser Team nicht nur die Infrastruktur, sondern bietet auch Installations- und Konstruktionsdienstleistungen an. Wir bieten Herstellungs- und Montagedienstleistungen f\u00fcr Stahlkonstruktionen auf der Grundlage der Entw\u00fcrfe unserer CAD-Experten. Wir f\u00fchren auch eine Besichtigung vor der Installation durch, um eine ordnungsgem\u00e4\u00dfe Installation vor Ort sicherzustellen.\t\t\t\t\t\t\t\t<\/div>\n\t\t\t\t<\/div>\n\t\t\t\t\t<\/div>\n\t\t<\/div>\n\t\t\t\t\t<\/div>\n\t\t<\/section>\n\t\t\t\t<div class=\"elementor-element elementor-element-dde04d7 elementor-align-left elementor-widget__width-auto elementor-widget elementor-widget-ld_button\" data-id=\"dde04d7\" data-element_type=\"widget\" data-e-type=\"widget\" data-widget_type=\"ld_button.default\">\n\t\t\t\t<div class=\"elementor-widget-container\">\n\t\t\t\t\t\n\t\t\t<a \n\t\t\t\thref=\"https:\/\/trustengineeringgroup.com\/de\/installation\/\"class=\"elementor-button btn btn-solid btn-icon-sep btn-hover-txt-switch btn-hover-txt-switch-x btn-icon-right btn-has-label\"\t\t\t>\n\t\t\t\t\t\t\t\t\t<span data-text=\"Mehr Erfahren\" class=\"btn-txt\" data-transition-delay=\"true\" data-delay-options=\"{&quot;elements&quot;: &quot;.lqd-chars&quot;, &quot;delayType&quot;: &quot;animation&quot;, &quot;startDelay&quot;: 0, &quot;delayBetween&quot;: 32.5}\" data-split-text=\"true\" data-split-options=\"{&quot;type&quot;: &quot;chars, words&quot;}\">\n\t\t\t\t\t\tMehr Erfahren\t\t\t\t\t<\/span>\n\t\t\t\t\t\t\t\t\t\t\t\t\t\t<span class=\"btn-icon\">\n\t\t\t\t\t\t\t<i aria-hidden=\"true\" class=\"lqd-icn-ess icon-ion-ios-arrow-round-forward\"><\/i>\t\t\t\t\t\t<\/span>\n\t\t\t\t\t\t\t\t\t<\/a>\n\t\t\t\t\t\t\t<\/div>\n\t\t\t\t<\/div>\n\t\t\t\t\t<\/div>\n\t\t<\/div>\n\t\t\t\t\t<\/div>\n\t\t<\/section>\n\t\t\t\t<\/div>\n\t\t","protected":false},"excerpt":{"rendered":"<p>Dienstleistungen Studien und Inspektionen Unser Team vor Ort stellt sicher, dass unsere Telekommunikationsstrukturen unseren Kunden ein optimales Erlebnis bieten, indem es intrusive und nicht-intrusive Untersuchungen wie Bodenuntersuchungen, intrusive Dachuntersuchungen, Pegelmessungen usw. durchf\u00fchrt. Spezialisierte Wartungsdienste stehen f\u00fcr die kritische Bewertung eines gro\u00dfen Portfolios von Zielen zur Verf\u00fcgung. Mehr Erfahren Design Dienstleistungen Unsere CAD-Experten sind erfahren in [&hellip;]<\/p>\n","protected":false},"author":1,"featured_media":0,"parent":0,"menu_order":0,"comment_status":"closed","ping_status":"closed","template":"elementor_header_footer","meta":{"nf_dc_page":"","footnotes":""},"class_list":["post-4804","page","type-page","status-publish","hentry"],"_links":{"self":[{"href":"https:\/\/trustengineeringgroup.com\/de\/wp-json\/wp\/v2\/pages\/4804","targetHints":{"allow":["GET"]}}],"collection":[{"href":"https:\/\/trustengineeringgroup.com\/de\/wp-json\/wp\/v2\/pages"}],"about":[{"href":"https:\/\/trustengineeringgroup.com\/de\/wp-json\/wp\/v2\/types\/page"}],"author":[{"embeddable":true,"href":"https:\/\/trustengineeringgroup.com\/de\/wp-json\/wp\/v2\/users\/1"}],"replies":[{"embeddable":true,"href":"https:\/\/trustengineeringgroup.com\/de\/wp-json\/wp\/v2\/comments?post=4804"}],"version-history":[{"count":4,"href":"https:\/\/trustengineeringgroup.com\/de\/wp-json\/wp\/v2\/pages\/4804\/revisions"}],"predecessor-version":[{"id":4811,"href":"https:\/\/trustengineeringgroup.com\/de\/wp-json\/wp\/v2\/pages\/4804\/revisions\/4811"}],"wp:attachment":[{"href":"https:\/\/trustengineeringgroup.com\/de\/wp-json\/wp\/v2\/media?parent=4804"}],"curies":[{"name":"wp","href":"https:\/\/api.w.org\/{rel}","templated":true}]}}