{"id":4695,"date":"2023-03-22T13:40:50","date_gmt":"2023-03-22T13:40:50","guid":{"rendered":"https:\/\/trustengineeringgroup.com\/verkaufsabteilung-vertriebsmitarbeiter\/"},"modified":"2023-09-28T13:07:00","modified_gmt":"2023-09-28T13:07:00","slug":"verkaufsabteilung-vertriebsmitarbeiter","status":"publish","type":"page","link":"https:\/\/trustengineeringgroup.com\/de\/verkaufsabteilung-vertriebsmitarbeiter\/","title":{"rendered":"Verkaufsabteilung \u2013 Vertriebsmitarbeiter"},"content":{"rendered":"\t\t<div data-elementor-type=\"wp-page\" data-elementor-id=\"4695\" class=\"elementor elementor-4695 elementor-1012\" data-elementor-settings=\"{&quot;ha_cmc_init_switcher&quot;:&quot;no&quot;}\" data-elementor-post-type=\"page\">\n\t\t\t\t\t\t<section class=\"elementor-section elementor-top-section elementor-element elementor-element-6095eac elementor-section-height-min-height elementor-section-boxed elementor-section-height-default elementor-section-items-middle\" data-id=\"6095eac\" data-element_type=\"section\" data-e-type=\"section\" data-settings=\"{&quot;background_background&quot;:&quot;classic&quot;,&quot;_ha_eqh_enable&quot;:false}\">\n\t\t\t\t\t\t\t<div class=\"elementor-background-overlay\"><\/div>\n\t\t\t\t\t\t\t<div class=\"elementor-container elementor-column-gap-default\">\n\t\t\t\t\t<div class=\"elementor-column elementor-col-100 elementor-top-column elementor-element elementor-element-41bc561\" data-id=\"41bc561\" data-element_type=\"column\" data-e-type=\"column\">\n\t\t\t<div class=\"elementor-widget-wrap elementor-element-populated\">\n\t\t\t\t\t\t<div class=\"elementor-element elementor-element-fb8585b elementor-widget elementor-widget-heading\" data-id=\"fb8585b\" data-element_type=\"widget\" data-e-type=\"widget\" data-widget_type=\"heading.default\">\n\t\t\t\t<div class=\"elementor-widget-container\">\n\t\t\t\t\t<h2 class=\"elementor-heading-title elementor-size-default\">D\u00e9partement de ventes - <br>Repr\u00e9sentant de ventes<\/h2>\t\t\t\t<\/div>\n\t\t\t\t<\/div>\n\t\t\t\t<div class=\"elementor-element elementor-element-957646a elementor-absolute elementor-widget elementor-widget-image\" data-id=\"957646a\" data-element_type=\"widget\" data-e-type=\"widget\" data-settings=\"{&quot;_position&quot;:&quot;absolute&quot;}\" data-widget_type=\"image.default\">\n\t\t\t\t<div class=\"elementor-widget-container\">\n\t\t\t\t\t\t\t\t\t\t\t\t\t\t\t<img fetchpriority=\"high\" decoding=\"async\" width=\"758\" height=\"616\" src=\"https:\/\/trustengineeringgroup.com\/wp-content\/uploads\/2023\/05\/installation.png\" class=\"attachment-large size-large wp-image-4249\" alt=\"\" srcset=\"https:\/\/trustengineeringgroup.com\/wp-content\/uploads\/2023\/05\/installation.png 758w, https:\/\/trustengineeringgroup.com\/wp-content\/uploads\/2023\/05\/installation-300x244.png 300w\" sizes=\"(max-width: 758px) 100vw, 758px\" \/>\t\t\t\t\t\t\t\t\t\t\t\t\t\t\t<\/div>\n\t\t\t\t<\/div>\n\t\t\t\t\t<\/div>\n\t\t<\/div>\n\t\t\t\t\t<\/div>\n\t\t<\/section>\n\t\t\t\t<section class=\"elementor-section elementor-top-section elementor-element elementor-element-1f04790 elementor-section-boxed elementor-section-height-default elementor-section-height-default\" data-id=\"1f04790\" data-element_type=\"section\" data-e-type=\"section\" data-settings=\"{&quot;_ha_eqh_enable&quot;:false}\">\n\t\t\t\t\t\t\t<div class=\"elementor-background-overlay\"><\/div>\n\t\t\t\t\t\t\t<div class=\"elementor-container elementor-column-gap-default\">\n\t\t\t\t\t<div class=\"elementor-column elementor-col-50 elementor-top-column elementor-element elementor-element-2af9107\" data-id=\"2af9107\" data-element_type=\"column\" data-e-type=\"column\">\n\t\t\t<div class=\"elementor-widget-wrap elementor-element-populated\">\n\t\t\t\t\t\t<div class=\"elementor-element elementor-element-fdda959 elementor-widget elementor-widget-heading\" data-id=\"fdda959\" data-element_type=\"widget\" data-e-type=\"widget\" data-widget_type=\"heading.default\">\n\t\t\t\t<div class=\"elementor-widget-container\">\n\t\t\t\t\t<h2 class=\"elementor-heading-title elementor-size-default\">Verantwortlichkeiten<\/h2>\t\t\t\t<\/div>\n\t\t\t\t<\/div>\n\t\t\t\t<div class=\"elementor-element elementor-element-60e3756 elementor-widget elementor-widget-text-editor\" data-id=\"60e3756\" data-element_type=\"widget\" data-e-type=\"widget\" data-widget_type=\"text-editor.default\">\n\t\t\t\t<div class=\"elementor-widget-container\">\n\t\t\t\t\t\t\t\t\t<ul><li style=\"font-weight: 400;\" aria-level=\"1\">Identifizierung potenzieller Kunden, Lead-Generierung und Konversion.<\/li><li style=\"font-weight: 400;\" aria-level=\"1\">Kontaktieren Sie neue und bestehende Kunden, um Bed\u00fcrfnisse zu besprechen.<\/li><li style=\"font-weight: 400;\" aria-level=\"1\">Betonen Sie die Merkmale von Produkten, um hervorzuheben, wie sie Kundenprobleme l\u00f6sen.<\/li><li style=\"font-weight: 400;\" aria-level=\"1\">Betreuung bestehender Konten, Auftragsannahme und Einrichtung neuer Konten durch Planung und Organisation des t\u00e4glichen Arbeitsablaufs, um bestehende oder potenzielle Verkaufsstellen und andere Handelsfaktoren anzurufen.<\/li><li style=\"font-weight: 400;\" aria-level=\"1\">Anpassung des Inhalts von Verkaufspr\u00e4sentationen durch Studium des Typs von Verkaufsstellen oder Handelsfaktoren.<\/li><li style=\"font-weight: 400;\" aria-level=\"1\">Konzentration der Verkaufsbem\u00fchungen durch Untersuchung des bestehenden und potenziellen Volumens von H\u00e4ndlern.<\/li><li style=\"font-weight: 400;\" aria-level=\"1\">\u00dcberwachung des Wettbewerbs durch Sammeln aktueller Marktinformationen \u00fcber Preise, Produkte, neue Produkte, Lieferzeiten und Verkaufsf\u00f6rderungstechniken.<\/li><\/ul>\t\t\t\t\t\t\t\t<\/div>\n\t\t\t\t<\/div>\n\t\t\t\t<div class=\"elementor-element elementor-element-bd58b46 elementor-widget elementor-widget-heading\" data-id=\"bd58b46\" data-element_type=\"widget\" data-e-type=\"widget\" data-widget_type=\"heading.default\">\n\t\t\t\t<div class=\"elementor-widget-container\">\n\t\t\t\t\t<h2 class=\"elementor-heading-title elementor-size-default\">Anforderungen<\/h2>\t\t\t\t<\/div>\n\t\t\t\t<\/div>\n\t\t\t\t<div class=\"elementor-element elementor-element-59005da elementor-widget elementor-widget-text-editor\" data-id=\"59005da\" data-element_type=\"widget\" data-e-type=\"widget\" data-widget_type=\"text-editor.default\">\n\t\t\t\t<div class=\"elementor-widget-container\">\n\t\t\t\t\t\t\t\t\t<ul><li style=\"font-weight: 400;\" aria-level=\"1\">Hervorragende Kommunikationsf\u00e4higkeiten.<\/li><li style=\"font-weight: 400;\" aria-level=\"1\">Hilfreiche Einstellung gegen\u00fcber Kunden.<\/li><li style=\"font-weight: 400;\" aria-level=\"1\">Verhandlungsf\u00e4higkeiten.<\/li><li style=\"font-weight: 400;\" aria-level=\"1\">F\u00e4higkeiten zur Neukundengewinnung.<\/li><\/ul>\t\t\t\t\t\t\t\t<\/div>\n\t\t\t\t<\/div>\n\t\t\t\t<div class=\"elementor-element elementor-element-a33ad46 elementor-widget elementor-widget-heading\" data-id=\"a33ad46\" data-element_type=\"widget\" data-e-type=\"widget\" data-widget_type=\"heading.default\">\n\t\t\t\t<div class=\"elementor-widget-container\">\n\t\t\t\t\t<h2 class=\"elementor-heading-title elementor-size-default\">Vorteile<\/h2>\t\t\t\t<\/div>\n\t\t\t\t<\/div>\n\t\t\t\t<div class=\"elementor-element elementor-element-631c4e5 elementor-widget elementor-widget-text-editor\" data-id=\"631c4e5\" data-element_type=\"widget\" data-e-type=\"widget\" data-widget_type=\"text-editor.default\">\n\t\t\t\t<div class=\"elementor-widget-container\">\n\t\t\t\t\t\t\t\t\t<ul><li style=\"font-weight: 400;\" aria-level=\"1\">Boni &#8211; jedes Jahr festgelegt.<\/li><li style=\"font-weight: 400;\" aria-level=\"1\">Private Krankenversicherung &#8211; nach 6 Monaten Besch\u00e4ftigung.<\/li><li style=\"font-weight: 400;\" aria-level=\"1\">Regelm\u00e4\u00dfige Teambuilding-Aktivit\u00e4ten.<\/li><li style=\"font-weight: 400;\" aria-level=\"1\">Internationale Exposition und M\u00f6glichkeit, ins Ausland zu reisen.<\/li><li style=\"font-weight: 400;\" aria-level=\"1\">Professionelles und dynamisches Umfeld, in dem Sie sich weiterentwickeln k\u00f6nnen.<\/li><\/ul>\t\t\t\t\t\t\t\t<\/div>\n\t\t\t\t<\/div>\n\t\t\t\t\t<\/div>\n\t\t<\/div>\n\t\t\t\t<div class=\"elementor-column elementor-col-50 elementor-top-column elementor-element elementor-element-332b1bd\" data-id=\"332b1bd\" data-element_type=\"column\" data-e-type=\"column\">\n\t\t\t<div class=\"elementor-widget-wrap elementor-element-populated\">\n\t\t\t\t\t\t<div class=\"elementor-element elementor-element-ab2d1de elementor-widget elementor-widget-heading\" data-id=\"ab2d1de\" data-element_type=\"widget\" data-e-type=\"widget\" data-widget_type=\"heading.default\">\n\t\t\t\t<div class=\"elementor-widget-container\">\n\t\t\t\t\t<h2 class=\"elementor-heading-title elementor-size-default\">VAKANTE STELLEN<\/h2>\t\t\t\t<\/div>\n\t\t\t\t<\/div>\n\t\t\t\t<div class=\"elementor-element elementor-element-e0637f9 elementor-widget elementor-widget-heading\" data-id=\"e0637f9\" data-element_type=\"widget\" data-e-type=\"widget\" data-widget_type=\"heading.default\">\n\t\t\t\t<div class=\"elementor-widget-container\">\n\t\t\t\t\t<h3 class=\"elementor-heading-title elementor-size-default\">Sachbearbeiter Rechnungswesen<\/h3>\t\t\t\t<\/div>\n\t\t\t\t<\/div>\n\t\t\t\t<div class=\"elementor-element elementor-element-d1d87f2 elementor-widget__width-auto ha-has-bg-overlay elementor-widget elementor-widget-text-editor\" data-id=\"d1d87f2\" data-element_type=\"widget\" data-e-type=\"widget\" data-widget_type=\"text-editor.default\">\n\t\t\t\t<div class=\"elementor-widget-container\">\n\t\t\t\t\t\t\t\t\tAbteilung Buchhaltung\t\t\t\t\t\t\t\t<\/div>\n\t\t\t\t<\/div>\n\t\t\t\t<div class=\"elementor-element elementor-element-3f63474 elementor-align-left elementor-widget elementor-widget-ld_button\" data-id=\"3f63474\" data-element_type=\"widget\" data-e-type=\"widget\" data-widget_type=\"ld_button.default\">\n\t\t\t\t<div class=\"elementor-widget-container\">\n\t\t\t\t\t\n\t\t\t<a \n\t\t\t\thref=\"https:\/\/trustengineeringgroup.com\/de\/abteilung-buchhaltung-sachbearbeiter-rechnungswesen\/\"class=\"elementor-button btn btn-underlined border-thin btn-icon-shaped btn-has-label\"\t\t\t>\n\t\t\t\t\t\t\t\t\t<span data-text=\"Mehr Erfahren\" class=\"btn-txt\">\n\t\t\t\t\t\tMehr Erfahren\t\t\t\t\t<\/span>\n\t\t\t\t\t\t\t\t\t\t\t<\/a>\n\t\t\t\t\t\t\t<\/div>\n\t\t\t\t<\/div>\n\t\t\t\t<div class=\"elementor-element elementor-element-6f14bd1 elementor-widget-divider--view-line elementor-widget elementor-widget-divider\" data-id=\"6f14bd1\" data-element_type=\"widget\" data-e-type=\"widget\" data-widget_type=\"divider.default\">\n\t\t\t\t<div class=\"elementor-widget-container\">\n\t\t\t\t\t\t\t<div class=\"elementor-divider\">\n\t\t\t<span class=\"elementor-divider-separator\">\n\t\t\t\t\t\t<\/span>\n\t\t<\/div>\n\t\t\t\t\t\t<\/div>\n\t\t\t\t<\/div>\n\t\t\t\t<div class=\"elementor-element elementor-element-1733a0a elementor-widget elementor-widget-heading\" data-id=\"1733a0a\" data-element_type=\"widget\" data-e-type=\"widget\" data-widget_type=\"heading.default\">\n\t\t\t\t<div class=\"elementor-widget-container\">\n\t\t\t\t\t<h3 class=\"elementor-heading-title elementor-size-default\">Bauingenieur<\/h3>\t\t\t\t<\/div>\n\t\t\t\t<\/div>\n\t\t\t\t<div class=\"elementor-element elementor-element-cb01c65 elementor-widget__width-auto ha-has-bg-overlay elementor-widget elementor-widget-text-editor\" data-id=\"cb01c65\" data-element_type=\"widget\" data-e-type=\"widget\" data-widget_type=\"text-editor.default\">\n\t\t\t\t<div class=\"elementor-widget-container\">\n\t\t\t\t\t\t\t\t\tAbteilung Bauwesen\t\t\t\t\t\t\t\t<\/div>\n\t\t\t\t<\/div>\n\t\t\t\t<div class=\"elementor-element elementor-element-fbe918a elementor-align-left elementor-widget elementor-widget-ld_button\" data-id=\"fbe918a\" data-element_type=\"widget\" data-e-type=\"widget\" data-widget_type=\"ld_button.default\">\n\t\t\t\t<div class=\"elementor-widget-container\">\n\t\t\t\t\t\n\t\t\t<a \n\t\t\t\thref=\"https:\/\/trustengineeringgroup.com\/de\/abteilung-bauwesen-bauingenieur\/\"class=\"elementor-button btn btn-underlined border-thin btn-icon-shaped btn-has-label\"\t\t\t>\n\t\t\t\t\t\t\t\t\t<span data-text=\"Mehr Erfahren\" class=\"btn-txt\">\n\t\t\t\t\t\tMehr Erfahren\t\t\t\t\t<\/span>\n\t\t\t\t\t\t\t\t\t\t\t<\/a>\n\t\t\t\t\t\t\t<\/div>\n\t\t\t\t<\/div>\n\t\t\t\t<div class=\"elementor-element elementor-element-5f4992b elementor-widget-divider--view-line elementor-widget elementor-widget-divider\" data-id=\"5f4992b\" data-element_type=\"widget\" data-e-type=\"widget\" data-widget_type=\"divider.default\">\n\t\t\t\t<div class=\"elementor-widget-container\">\n\t\t\t\t\t\t\t<div class=\"elementor-divider\">\n\t\t\t<span class=\"elementor-divider-separator\">\n\t\t\t\t\t\t<\/span>\n\t\t<\/div>\n\t\t\t\t\t\t<\/div>\n\t\t\t\t<\/div>\n\t\t\t\t<div class=\"elementor-element elementor-element-e88b493 elementor-widget elementor-widget-heading\" data-id=\"e88b493\" data-element_type=\"widget\" data-e-type=\"widget\" data-widget_type=\"heading.default\">\n\t\t\t\t<div class=\"elementor-widget-container\">\n\t\t\t\t\t<h3 class=\"elementor-heading-title elementor-size-default\">Planungsingenieur<\/h3>\t\t\t\t<\/div>\n\t\t\t\t<\/div>\n\t\t\t\t<div class=\"elementor-element elementor-element-e58ef6e elementor-widget__width-auto ha-has-bg-overlay elementor-widget elementor-widget-text-editor\" data-id=\"e58ef6e\" data-element_type=\"widget\" data-e-type=\"widget\" data-widget_type=\"text-editor.default\">\n\t\t\t\t<div class=\"elementor-widget-container\">\n\t\t\t\t\t\t\t\t\tAbteilung Konstruktion\t\t\t\t\t\t\t\t<\/div>\n\t\t\t\t<\/div>\n\t\t\t\t<div class=\"elementor-element elementor-element-2c1eeb6 elementor-align-left elementor-widget elementor-widget-ld_button\" data-id=\"2c1eeb6\" data-element_type=\"widget\" data-e-type=\"widget\" data-widget_type=\"ld_button.default\">\n\t\t\t\t<div class=\"elementor-widget-container\">\n\t\t\t\t\t\n\t\t\t<a \n\t\t\t\thref=\"https:\/\/trustengineeringgroup.com\/de\/abteilung-konstruktion-planungsingenieur\/\"class=\"elementor-button btn btn-underlined border-thin btn-icon-shaped btn-has-label\"\t\t\t>\n\t\t\t\t\t\t\t\t\t<span data-text=\"Mehr Erfahren\" class=\"btn-txt\">\n\t\t\t\t\t\tMehr Erfahren\t\t\t\t\t<\/span>\n\t\t\t\t\t\t\t\t\t\t\t<\/a>\n\t\t\t\t\t\t\t<\/div>\n\t\t\t\t<\/div>\n\t\t\t\t<div class=\"elementor-element elementor-element-6bc7061 elementor-widget-divider--view-line elementor-widget elementor-widget-divider\" data-id=\"6bc7061\" data-element_type=\"widget\" data-e-type=\"widget\" data-widget_type=\"divider.default\">\n\t\t\t\t<div class=\"elementor-widget-container\">\n\t\t\t\t\t\t\t<div class=\"elementor-divider\">\n\t\t\t<span class=\"elementor-divider-separator\">\n\t\t\t\t\t\t<\/span>\n\t\t<\/div>\n\t\t\t\t\t\t<\/div>\n\t\t\t\t<\/div>\n\t\t\t\t<div class=\"elementor-element elementor-element-a281faf elementor-widget elementor-widget-heading\" data-id=\"a281faf\" data-element_type=\"widget\" data-e-type=\"widget\" data-widget_type=\"heading.default\">\n\t\t\t\t<div class=\"elementor-widget-container\">\n\t\t\t\t\t<h3 class=\"elementor-heading-title elementor-size-default\">Projektverwalter<\/h3>\t\t\t\t<\/div>\n\t\t\t\t<\/div>\n\t\t\t\t<div class=\"elementor-element elementor-element-0222adf elementor-widget__width-auto ha-has-bg-overlay elementor-widget elementor-widget-text-editor\" data-id=\"0222adf\" data-element_type=\"widget\" data-e-type=\"widget\" data-widget_type=\"text-editor.default\">\n\t\t\t\t<div class=\"elementor-widget-container\">\n\t\t\t\t\t\t\t\t\tAbteilung Projektmanagement\t\t\t\t\t\t\t\t<\/div>\n\t\t\t\t<\/div>\n\t\t\t\t<div class=\"elementor-element elementor-element-922ced6 elementor-align-left elementor-widget__width-auto elementor-widget elementor-widget-ld_button\" data-id=\"922ced6\" data-element_type=\"widget\" data-e-type=\"widget\" data-widget_type=\"ld_button.default\">\n\t\t\t\t<div class=\"elementor-widget-container\">\n\t\t\t\t\t\n\t\t\t<a \n\t\t\t\thref=\"https:\/\/trustengineeringgroup.com\/de\/abteilung-projektmanagement-projektverwalter\/\"class=\"elementor-button btn btn-underlined border-thin btn-icon-shaped btn-has-label\"\t\t\t>\n\t\t\t\t\t\t\t\t\t<span data-text=\"Mehr Erfahren\" class=\"btn-txt\">\n\t\t\t\t\t\tMehr Erfahren\t\t\t\t\t<\/span>\n\t\t\t\t\t\t\t\t\t\t\t<\/a>\n\t\t\t\t\t\t\t<\/div>\n\t\t\t\t<\/div>\n\t\t\t\t\t<\/div>\n\t\t<\/div>\n\t\t\t\t\t<\/div>\n\t\t<\/section>\n\t\t\t\t<section class=\"elementor-section elementor-top-section elementor-element elementor-element-39daa6b elementor-section-boxed elementor-section-height-default elementor-section-height-default\" data-id=\"39daa6b\" data-element_type=\"section\" data-e-type=\"section\" data-settings=\"{&quot;background_background&quot;:&quot;classic&quot;,&quot;_ha_eqh_enable&quot;:false}\">\n\t\t\t\t\t\t\t<div class=\"elementor-background-overlay\"><\/div>\n\t\t\t\t\t\t\t<div class=\"elementor-container elementor-column-gap-default\">\n\t\t\t\t\t<div class=\"elementor-column elementor-col-100 elementor-top-column elementor-element elementor-element-8cae2c6\" data-id=\"8cae2c6\" data-element_type=\"column\" data-e-type=\"column\">\n\t\t\t<div class=\"elementor-widget-wrap elementor-element-populated\">\n\t\t\t\t\t\t<div class=\"elementor-element elementor-element-e21b98a elementor-widget elementor-widget-heading\" data-id=\"e21b98a\" data-element_type=\"widget\" data-e-type=\"widget\" data-widget_type=\"heading.default\">\n\t\t\t\t<div class=\"elementor-widget-container\">\n\t\t\t\t\t<h2 class=\"elementor-heading-title elementor-size-default\">WACHSEN SIE MIT UNS AUF! BEWERBEN SIE SICH JETZT. <\/h2>\t\t\t\t<\/div>\n\t\t\t\t<\/div>\n\t\t\t\t<div class=\"elementor-element elementor-element-c9a3194 elementor-align-left elementor-widget__width-auto elementor-widget elementor-widget-ld_button\" data-id=\"c9a3194\" data-element_type=\"widget\" data-e-type=\"widget\" data-widget_type=\"ld_button.default\">\n\t\t\t\t<div class=\"elementor-widget-container\">\n\t\t\t\t\t\n\t\t\t<a \n\t\t\t\thref=\"https:\/\/app.smartsheet.com\/b\/form\/8205be3528d3481e82af38baad52e40a\" target=\"_blank\"class=\"elementor-button btn btn-solid btn-icon-sep btn-hover-txt-switch btn-hover-txt-switch-x btn-icon-right btn-has-label\"\t\t\t>\n\t\t\t\t\t\t\t\t\t<span data-text=\"BEWERBEN SIE SICH JETZT\" class=\"btn-txt\" data-transition-delay=\"true\" data-delay-options=\"{&quot;elements&quot;: &quot;.lqd-chars&quot;, &quot;delayType&quot;: &quot;animation&quot;, &quot;startDelay&quot;: 0, &quot;delayBetween&quot;: 32.5}\" data-split-text=\"true\" data-split-options=\"{&quot;type&quot;: &quot;chars, words&quot;}\">\n\t\t\t\t\t\tBEWERBEN SIE SICH JETZT\t\t\t\t\t<\/span>\n\t\t\t\t\t\t\t\t\t\t\t\t\t\t<span class=\"btn-icon\">\n\t\t\t\t\t\t\t<i aria-hidden=\"true\" class=\"lqd-icn-ess icon-ion-ios-arrow-round-forward\"><\/i>\t\t\t\t\t\t<\/span>\n\t\t\t\t\t\t\t\t\t<\/a>\n\t\t\t\t\t\t\t<\/div>\n\t\t\t\t<\/div>\n\t\t\t\t\t<\/div>\n\t\t<\/div>\n\t\t\t\t\t<\/div>\n\t\t<\/section>\n\t\t\t\t<\/div>\n\t\t","protected":false},"excerpt":{"rendered":"<p>D\u00e9partement de ventes &#8211; Repr\u00e9sentant de ventes Verantwortlichkeiten Identifizierung potenzieller Kunden, Lead-Generierung und Konversion. Kontaktieren Sie neue und bestehende Kunden, um Bed\u00fcrfnisse zu besprechen. Betonen Sie die Merkmale von Produkten, um hervorzuheben, wie sie Kundenprobleme l\u00f6sen. Betreuung bestehender Konten, Auftragsannahme und Einrichtung neuer Konten durch Planung und Organisation des t\u00e4glichen Arbeitsablaufs, um bestehende oder potenzielle [&hellip;]<\/p>\n","protected":false},"author":1,"featured_media":0,"parent":0,"menu_order":0,"comment_status":"closed","ping_status":"closed","template":"elementor_header_footer","meta":{"nf_dc_page":"","footnotes":""},"class_list":["post-4695","page","type-page","status-publish","hentry"],"_links":{"self":[{"href":"https:\/\/trustengineeringgroup.com\/de\/wp-json\/wp\/v2\/pages\/4695","targetHints":{"allow":["GET"]}}],"collection":[{"href":"https:\/\/trustengineeringgroup.com\/de\/wp-json\/wp\/v2\/pages"}],"about":[{"href":"https:\/\/trustengineeringgroup.com\/de\/wp-json\/wp\/v2\/types\/page"}],"author":[{"embeddable":true,"href":"https:\/\/trustengineeringgroup.com\/de\/wp-json\/wp\/v2\/users\/1"}],"replies":[{"embeddable":true,"href":"https:\/\/trustengineeringgroup.com\/de\/wp-json\/wp\/v2\/comments?post=4695"}],"version-history":[{"count":7,"href":"https:\/\/trustengineeringgroup.com\/de\/wp-json\/wp\/v2\/pages\/4695\/revisions"}],"predecessor-version":[{"id":4720,"href":"https:\/\/trustengineeringgroup.com\/de\/wp-json\/wp\/v2\/pages\/4695\/revisions\/4720"}],"wp:attachment":[{"href":"https:\/\/trustengineeringgroup.com\/de\/wp-json\/wp\/v2\/media?parent=4695"}],"curies":[{"name":"wp","href":"https:\/\/api.w.org\/{rel}","templated":true}]}}