{"id":4656,"date":"2023-03-22T13:26:35","date_gmt":"2023-03-22T13:26:35","guid":{"rendered":"https:\/\/trustengineeringgroup.com\/abteilung-buchhaltung-sachbearbeiter-rechnungswesen\/"},"modified":"2023-09-28T13:00:17","modified_gmt":"2023-09-28T13:00:17","slug":"abteilung-buchhaltung-sachbearbeiter-rechnungswesen","status":"publish","type":"page","link":"https:\/\/trustengineeringgroup.com\/de\/abteilung-buchhaltung-sachbearbeiter-rechnungswesen\/","title":{"rendered":"Abteilung Buchhaltung &#8211; Sachbearbeiter Rechnungswesen"},"content":{"rendered":"\t\t<div data-elementor-type=\"wp-page\" data-elementor-id=\"4656\" class=\"elementor elementor-4656 elementor-983\" data-elementor-settings=\"{&quot;ha_cmc_init_switcher&quot;:&quot;no&quot;}\" data-elementor-post-type=\"page\">\n\t\t\t\t\t\t<section class=\"elementor-section elementor-top-section elementor-element elementor-element-c3ba9af elementor-section-height-min-height elementor-section-boxed elementor-section-height-default elementor-section-items-middle\" data-id=\"c3ba9af\" data-element_type=\"section\" data-e-type=\"section\" data-settings=\"{&quot;background_background&quot;:&quot;classic&quot;,&quot;_ha_eqh_enable&quot;:false}\">\n\t\t\t\t\t\t\t<div class=\"elementor-background-overlay\"><\/div>\n\t\t\t\t\t\t\t<div class=\"elementor-container elementor-column-gap-default\">\n\t\t\t\t\t<div class=\"elementor-column elementor-col-100 elementor-top-column elementor-element elementor-element-b8501f0\" data-id=\"b8501f0\" data-element_type=\"column\" data-e-type=\"column\">\n\t\t\t<div class=\"elementor-widget-wrap elementor-element-populated\">\n\t\t\t\t\t\t<div class=\"elementor-element elementor-element-78560a0 elementor-widget elementor-widget-heading\" data-id=\"78560a0\" data-element_type=\"widget\" data-e-type=\"widget\" data-widget_type=\"heading.default\">\n\t\t\t\t<div class=\"elementor-widget-container\">\n\t\t\t\t\t<h2 class=\"elementor-heading-title elementor-size-default\">Abteilung Buchhaltungde<br>Sachbearbeiter Rechnungswesen<\/h2>\t\t\t\t<\/div>\n\t\t\t\t<\/div>\n\t\t\t\t<div class=\"elementor-element elementor-element-208415c elementor-absolute elementor-widget elementor-widget-image\" data-id=\"208415c\" data-element_type=\"widget\" data-e-type=\"widget\" data-settings=\"{&quot;_position&quot;:&quot;absolute&quot;}\" data-widget_type=\"image.default\">\n\t\t\t\t<div class=\"elementor-widget-container\">\n\t\t\t\t\t\t\t\t\t\t\t\t\t\t\t<img fetchpriority=\"high\" decoding=\"async\" width=\"758\" height=\"616\" src=\"https:\/\/trustengineeringgroup.com\/wp-content\/uploads\/2023\/09\/installation-1.png\" class=\"attachment-large size-large wp-image-4659\" alt=\"\" srcset=\"https:\/\/trustengineeringgroup.com\/wp-content\/uploads\/2023\/09\/installation-1.png 758w, https:\/\/trustengineeringgroup.com\/wp-content\/uploads\/2023\/09\/installation-1-300x244.png 300w\" sizes=\"(max-width: 758px) 100vw, 758px\" \/>\t\t\t\t\t\t\t\t\t\t\t\t\t\t\t<\/div>\n\t\t\t\t<\/div>\n\t\t\t\t\t<\/div>\n\t\t<\/div>\n\t\t\t\t\t<\/div>\n\t\t<\/section>\n\t\t\t\t<section class=\"elementor-section elementor-top-section elementor-element elementor-element-1f04790 elementor-section-boxed elementor-section-height-default elementor-section-height-default\" data-id=\"1f04790\" data-element_type=\"section\" data-e-type=\"section\" data-settings=\"{&quot;_ha_eqh_enable&quot;:false}\">\n\t\t\t\t\t\t\t<div class=\"elementor-background-overlay\"><\/div>\n\t\t\t\t\t\t\t<div class=\"elementor-container elementor-column-gap-default\">\n\t\t\t\t\t<div class=\"elementor-column elementor-col-50 elementor-top-column elementor-element elementor-element-2af9107\" data-id=\"2af9107\" data-element_type=\"column\" data-e-type=\"column\">\n\t\t\t<div class=\"elementor-widget-wrap elementor-element-populated\">\n\t\t\t\t\t\t<div class=\"elementor-element elementor-element-fdda959 elementor-widget elementor-widget-heading\" data-id=\"fdda959\" data-element_type=\"widget\" data-e-type=\"widget\" data-widget_type=\"heading.default\">\n\t\t\t\t<div class=\"elementor-widget-container\">\n\t\t\t\t\t<h2 class=\"elementor-heading-title elementor-size-default\">Verantwortlichkeiten<\/h2>\t\t\t\t<\/div>\n\t\t\t\t<\/div>\n\t\t\t\t<div class=\"elementor-element elementor-element-60e3756 elementor-widget elementor-widget-text-editor\" data-id=\"60e3756\" data-element_type=\"widget\" data-e-type=\"widget\" data-widget_type=\"text-editor.default\">\n\t\t\t\t<div class=\"elementor-widget-container\">\n\t\t\t\t\t\t\t\t\t<ul><li style=\"font-weight: 400;\" aria-level=\"1\">Erstellung und Ausstellung von Rechnungen an Kunden.<\/li><li style=\"font-weight: 400;\" aria-level=\"1\">Bearbeitung von Gutschriften.<\/li><li style=\"font-weight: 400;\" aria-level=\"1\"><span style=\"font-weight: 400;\">Behebung von Abrechnungsfehlern, die von anderen Mitarbeitern oder Kunden gemeldet werden.<\/span><\/li><li style=\"font-weight: 400;\" aria-level=\"1\">Vorbereitung von Kontenausz\u00fcgen f\u00fcr Kunden.<\/li><li style=\"font-weight: 400;\" aria-level=\"1\">Nachverfolgung ausstehender Zahlungen und Beantwortung von Kundenanfragen.<\/li><li style=\"font-weight: 400;\" aria-level=\"1\">\u00dcberwachung aller Zahlungen und Erstellung monatlicher Abrechnungsberichte.<\/li><li style=\"font-weight: 400;\" aria-level=\"1\">Unterst\u00fctzung der Buchhaltungsabteilung bei der Erstellung von Finanzberichten.<\/li><li style=\"font-weight: 400;\" aria-level=\"1\">Unterst\u00fctzung der Buchhaltungsabteilung bei der Erstellung von Finanzberichten.<\/li><li style=\"font-weight: 400;\" aria-level=\"1\">Zusammenarbeit mit anderen Mitgliedern der Finanzabteilung und der Projektmanagementabteilung.<\/li><\/ul>\t\t\t\t\t\t\t\t<\/div>\n\t\t\t\t<\/div>\n\t\t\t\t<div class=\"elementor-element elementor-element-bd58b46 elementor-widget elementor-widget-heading\" data-id=\"bd58b46\" data-element_type=\"widget\" data-e-type=\"widget\" data-widget_type=\"heading.default\">\n\t\t\t\t<div class=\"elementor-widget-container\">\n\t\t\t\t\t<h2 class=\"elementor-heading-title elementor-size-default\">Anforderungen<\/h2>\t\t\t\t<\/div>\n\t\t\t\t<\/div>\n\t\t\t\t<div class=\"elementor-element elementor-element-59005da elementor-widget elementor-widget-text-editor\" data-id=\"59005da\" data-element_type=\"widget\" data-e-type=\"widget\" data-widget_type=\"text-editor.default\">\n\t\t\t\t<div class=\"elementor-widget-container\">\n\t\t\t\t\t\t\t\t\t<ul><li style=\"font-weight: 400;\" aria-level=\"1\">Hochschuldiplom oder Bachelor-Abschluss in Buchhaltung oder verwandtem Bereich.<\/li><li style=\"font-weight: 400;\" aria-level=\"1\">Kenntnisse des Office-Pakets (Excel auf mittlerem Niveau).<\/li><li style=\"font-weight: 400;\" aria-level=\"1\">Fortgeschrittene Englischkenntnisse (Franz\u00f6sisch w\u00e4re ein Vorteil).<\/li><li style=\"font-weight: 400;\" aria-level=\"1\">Kenntnisse in Buchhaltungssoftware wie Smart Bill w\u00e4ren von Vorteil, sind aber nicht zwingend erforderlich.<\/li><li style=\"font-weight: 400;\" aria-level=\"1\">Erfahrung ist w\u00fcnschenswert, aber nicht zwingend erforderlich.<\/li><\/ul>\t\t\t\t\t\t\t\t<\/div>\n\t\t\t\t<\/div>\n\t\t\t\t<div class=\"elementor-element elementor-element-a33ad46 elementor-widget elementor-widget-heading\" data-id=\"a33ad46\" data-element_type=\"widget\" data-e-type=\"widget\" data-widget_type=\"heading.default\">\n\t\t\t\t<div class=\"elementor-widget-container\">\n\t\t\t\t\t<h2 class=\"elementor-heading-title elementor-size-default\">Vorteile<\/h2>\t\t\t\t<\/div>\n\t\t\t\t<\/div>\n\t\t\t\t<div class=\"elementor-element elementor-element-631c4e5 elementor-widget elementor-widget-text-editor\" data-id=\"631c4e5\" data-element_type=\"widget\" data-e-type=\"widget\" data-widget_type=\"text-editor.default\">\n\t\t\t\t<div class=\"elementor-widget-container\">\n\t\t\t\t\t\t\t\t\t<ul><li style=\"font-weight: 400;\" aria-level=\"1\">Boni &#8211; jedes Jahr festgelegt.<\/li><li style=\"font-weight: 400;\" aria-level=\"1\">Private Krankenversicherung &#8211; nach 6 Monaten Besch\u00e4ftigung.<\/li><li style=\"font-weight: 400;\" aria-level=\"1\">Regelm\u00e4\u00dfige Teambuilding-Aktivit\u00e4ten.<\/li><li style=\"font-weight: 400;\" aria-level=\"1\">Internationale Exposition und M\u00f6glichkeit, ins Ausland zu reisen.<\/li><li style=\"font-weight: 400;\" aria-level=\"1\">Professionelles und dynamisches Umfeld, in dem Sie sich weiterentwickeln k\u00f6nnen.<\/li><\/ul>\t\t\t\t\t\t\t\t<\/div>\n\t\t\t\t<\/div>\n\t\t\t\t\t<\/div>\n\t\t<\/div>\n\t\t\t\t<div class=\"elementor-column elementor-col-50 elementor-top-column elementor-element elementor-element-332b1bd\" data-id=\"332b1bd\" data-element_type=\"column\" data-e-type=\"column\">\n\t\t\t<div class=\"elementor-widget-wrap elementor-element-populated\">\n\t\t\t\t\t\t<div class=\"elementor-element elementor-element-ab2d1de elementor-widget elementor-widget-heading\" data-id=\"ab2d1de\" data-element_type=\"widget\" data-e-type=\"widget\" data-widget_type=\"heading.default\">\n\t\t\t\t<div class=\"elementor-widget-container\">\n\t\t\t\t\t<h2 class=\"elementor-heading-title elementor-size-default\">VAKANTE STELLEN<\/h2>\t\t\t\t<\/div>\n\t\t\t\t<\/div>\n\t\t\t\t<div class=\"elementor-element elementor-element-e0637f9 elementor-widget elementor-widget-heading\" data-id=\"e0637f9\" data-element_type=\"widget\" data-e-type=\"widget\" data-widget_type=\"heading.default\">\n\t\t\t\t<div class=\"elementor-widget-container\">\n\t\t\t\t\t<h3 class=\"elementor-heading-title elementor-size-default\">Bauingenieur<\/h3>\t\t\t\t<\/div>\n\t\t\t\t<\/div>\n\t\t\t\t<div class=\"elementor-element elementor-element-d1d87f2 elementor-widget__width-auto ha-has-bg-overlay elementor-widget elementor-widget-text-editor\" data-id=\"d1d87f2\" data-element_type=\"widget\" data-e-type=\"widget\" data-widget_type=\"text-editor.default\">\n\t\t\t\t<div class=\"elementor-widget-container\">\n\t\t\t\t\t\t\t\t\tAbteilung Bauwesen\t\t\t\t\t\t\t\t<\/div>\n\t\t\t\t<\/div>\n\t\t\t\t<div class=\"elementor-element elementor-element-3f63474 elementor-align-left elementor-widget__width-auto elementor-widget elementor-widget-ld_button\" data-id=\"3f63474\" data-element_type=\"widget\" data-e-type=\"widget\" data-widget_type=\"ld_button.default\">\n\t\t\t\t<div class=\"elementor-widget-container\">\n\t\t\t\t\t\n\t\t\t<a \n\t\t\t\thref=\"https:\/\/trustengineeringgroup.com\/de\/abteilung-bauwesen-bauingenieur\/\"class=\"elementor-button btn btn-underlined border-thin btn-icon-shaped btn-has-label\"\t\t\t>\n\t\t\t\t\t\t\t\t\t<span data-text=\"Mehr Erfahren\" class=\"btn-txt\">\n\t\t\t\t\t\tMehr Erfahren\t\t\t\t\t<\/span>\n\t\t\t\t\t\t\t\t\t\t\t<\/a>\n\t\t\t\t\t\t\t<\/div>\n\t\t\t\t<\/div>\n\t\t\t\t<div class=\"elementor-element elementor-element-6f14bd1 elementor-widget-divider--view-line elementor-widget elementor-widget-divider\" data-id=\"6f14bd1\" data-element_type=\"widget\" data-e-type=\"widget\" data-widget_type=\"divider.default\">\n\t\t\t\t<div class=\"elementor-widget-container\">\n\t\t\t\t\t\t\t<div class=\"elementor-divider\">\n\t\t\t<span class=\"elementor-divider-separator\">\n\t\t\t\t\t\t<\/span>\n\t\t<\/div>\n\t\t\t\t\t\t<\/div>\n\t\t\t\t<\/div>\n\t\t\t\t<div class=\"elementor-element elementor-element-1733a0a elementor-widget elementor-widget-heading\" data-id=\"1733a0a\" data-element_type=\"widget\" data-e-type=\"widget\" data-widget_type=\"heading.default\">\n\t\t\t\t<div class=\"elementor-widget-container\">\n\t\t\t\t\t<h3 class=\"elementor-heading-title elementor-size-default\">Planungsingenieur<\/h3>\t\t\t\t<\/div>\n\t\t\t\t<\/div>\n\t\t\t\t<div class=\"elementor-element elementor-element-cb01c65 elementor-widget__width-auto ha-has-bg-overlay elementor-widget elementor-widget-text-editor\" data-id=\"cb01c65\" data-element_type=\"widget\" data-e-type=\"widget\" data-widget_type=\"text-editor.default\">\n\t\t\t\t<div class=\"elementor-widget-container\">\n\t\t\t\t\t\t\t\t\tAbteilung Konstruktion\t\t\t\t\t\t\t\t<\/div>\n\t\t\t\t<\/div>\n\t\t\t\t<div class=\"elementor-element elementor-element-fbe918a elementor-align-left elementor-widget__width-auto elementor-widget elementor-widget-ld_button\" data-id=\"fbe918a\" data-element_type=\"widget\" data-e-type=\"widget\" data-widget_type=\"ld_button.default\">\n\t\t\t\t<div class=\"elementor-widget-container\">\n\t\t\t\t\t\n\t\t\t<a \n\t\t\t\thref=\"https:\/\/trustengineeringgroup.com\/de\/abteilung-konstruktion-planungsingenieur\/\"class=\"elementor-button btn btn-underlined border-thin btn-icon-shaped btn-has-label\"\t\t\t>\n\t\t\t\t\t\t\t\t\t<span data-text=\"Mehr Erfahren\" class=\"btn-txt\">\n\t\t\t\t\t\tMehr Erfahren\t\t\t\t\t<\/span>\n\t\t\t\t\t\t\t\t\t\t\t<\/a>\n\t\t\t\t\t\t\t<\/div>\n\t\t\t\t<\/div>\n\t\t\t\t<div class=\"elementor-element elementor-element-5f4992b elementor-widget-divider--view-line elementor-widget elementor-widget-divider\" data-id=\"5f4992b\" data-element_type=\"widget\" data-e-type=\"widget\" data-widget_type=\"divider.default\">\n\t\t\t\t<div class=\"elementor-widget-container\">\n\t\t\t\t\t\t\t<div class=\"elementor-divider\">\n\t\t\t<span class=\"elementor-divider-separator\">\n\t\t\t\t\t\t<\/span>\n\t\t<\/div>\n\t\t\t\t\t\t<\/div>\n\t\t\t\t<\/div>\n\t\t\t\t<div class=\"elementor-element elementor-element-e88b493 elementor-widget elementor-widget-heading\" data-id=\"e88b493\" data-element_type=\"widget\" data-e-type=\"widget\" data-widget_type=\"heading.default\">\n\t\t\t\t<div class=\"elementor-widget-container\">\n\t\t\t\t\t<h3 class=\"elementor-heading-title elementor-size-default\">Projektverwalter<\/h3>\t\t\t\t<\/div>\n\t\t\t\t<\/div>\n\t\t\t\t<div class=\"elementor-element elementor-element-e58ef6e elementor-widget__width-auto ha-has-bg-overlay elementor-widget elementor-widget-text-editor\" data-id=\"e58ef6e\" data-element_type=\"widget\" data-e-type=\"widget\" data-widget_type=\"text-editor.default\">\n\t\t\t\t<div class=\"elementor-widget-container\">\n\t\t\t\t\t\t\t\t\tAbteilung Projektmanagement\t\t\t\t\t\t\t\t<\/div>\n\t\t\t\t<\/div>\n\t\t\t\t<div class=\"elementor-element elementor-element-2c1eeb6 elementor-align-left elementor-widget__width-auto elementor-widget elementor-widget-ld_button\" data-id=\"2c1eeb6\" data-element_type=\"widget\" data-e-type=\"widget\" data-widget_type=\"ld_button.default\">\n\t\t\t\t<div class=\"elementor-widget-container\">\n\t\t\t\t\t\n\t\t\t<a \n\t\t\t\thref=\"https:\/\/trustengineeringgroup.com\/de\/abteilung-projektmanagement-projektverwalter\/\"class=\"elementor-button btn btn-underlined border-thin btn-icon-shaped btn-has-label\"\t\t\t>\n\t\t\t\t\t\t\t\t\t<span data-text=\"Mehr Erfahren\" class=\"btn-txt\">\n\t\t\t\t\t\tMehr Erfahren\t\t\t\t\t<\/span>\n\t\t\t\t\t\t\t\t\t\t\t<\/a>\n\t\t\t\t\t\t\t<\/div>\n\t\t\t\t<\/div>\n\t\t\t\t<div class=\"elementor-element elementor-element-6bc7061 elementor-widget-divider--view-line elementor-widget elementor-widget-divider\" data-id=\"6bc7061\" data-element_type=\"widget\" data-e-type=\"widget\" data-widget_type=\"divider.default\">\n\t\t\t\t<div class=\"elementor-widget-container\">\n\t\t\t\t\t\t\t<div class=\"elementor-divider\">\n\t\t\t<span class=\"elementor-divider-separator\">\n\t\t\t\t\t\t<\/span>\n\t\t<\/div>\n\t\t\t\t\t\t<\/div>\n\t\t\t\t<\/div>\n\t\t\t\t<div class=\"elementor-element elementor-element-a281faf elementor-widget elementor-widget-heading\" data-id=\"a281faf\" data-element_type=\"widget\" data-e-type=\"widget\" data-widget_type=\"heading.default\">\n\t\t\t\t<div class=\"elementor-widget-container\">\n\t\t\t\t\t<h3 class=\"elementor-heading-title elementor-size-default\">Vertriebsmitarbeiter<\/h3>\t\t\t\t<\/div>\n\t\t\t\t<\/div>\n\t\t\t\t<div class=\"elementor-element elementor-element-0222adf elementor-widget__width-auto ha-has-bg-overlay elementor-widget elementor-widget-text-editor\" data-id=\"0222adf\" data-element_type=\"widget\" data-e-type=\"widget\" data-widget_type=\"text-editor.default\">\n\t\t\t\t<div class=\"elementor-widget-container\">\n\t\t\t\t\t\t\t\t\tVerkaufsabteilung\t\t\t\t\t\t\t\t<\/div>\n\t\t\t\t<\/div>\n\t\t\t\t<div class=\"elementor-element elementor-element-922ced6 elementor-align-left elementor-widget__width-auto elementor-widget elementor-widget-ld_button\" data-id=\"922ced6\" data-element_type=\"widget\" data-e-type=\"widget\" data-widget_type=\"ld_button.default\">\n\t\t\t\t<div class=\"elementor-widget-container\">\n\t\t\t\t\t\n\t\t\t<a \n\t\t\t\thref=\"https:\/\/trustengineeringgroup.com\/de\/verkaufsabteilung-vertriebsmitarbeiter\/\"class=\"elementor-button btn btn-underlined border-thin btn-icon-shaped btn-has-label\"\t\t\t>\n\t\t\t\t\t\t\t\t\t<span data-text=\"Mehr Erfahren\" class=\"btn-txt\">\n\t\t\t\t\t\tMehr Erfahren\t\t\t\t\t<\/span>\n\t\t\t\t\t\t\t\t\t\t\t<\/a>\n\t\t\t\t\t\t\t<\/div>\n\t\t\t\t<\/div>\n\t\t\t\t\t<\/div>\n\t\t<\/div>\n\t\t\t\t\t<\/div>\n\t\t<\/section>\n\t\t\t\t<section class=\"elementor-section elementor-top-section elementor-element elementor-element-dbe37b6 elementor-section-boxed elementor-section-height-default elementor-section-height-default\" data-id=\"dbe37b6\" data-element_type=\"section\" data-e-type=\"section\" data-settings=\"{&quot;background_background&quot;:&quot;classic&quot;,&quot;_ha_eqh_enable&quot;:false}\">\n\t\t\t\t\t\t\t<div class=\"elementor-background-overlay\"><\/div>\n\t\t\t\t\t\t\t<div class=\"elementor-container elementor-column-gap-default\">\n\t\t\t\t\t<div class=\"elementor-column elementor-col-100 elementor-top-column elementor-element elementor-element-85cfa3b\" data-id=\"85cfa3b\" data-element_type=\"column\" data-e-type=\"column\">\n\t\t\t<div class=\"elementor-widget-wrap elementor-element-populated\">\n\t\t\t\t\t\t<div class=\"elementor-element elementor-element-da1a610 elementor-widget elementor-widget-heading\" data-id=\"da1a610\" data-element_type=\"widget\" data-e-type=\"widget\" data-widget_type=\"heading.default\">\n\t\t\t\t<div class=\"elementor-widget-container\">\n\t\t\t\t\t<h2 class=\"elementor-heading-title elementor-size-default\">WACHSEN SIE MIT UNS AUF! BEWERBEN SIE SICH JETZT. <\/h2>\t\t\t\t<\/div>\n\t\t\t\t<\/div>\n\t\t\t\t<div class=\"elementor-element elementor-element-39f50f6 elementor-align-left elementor-widget__width-auto elementor-widget elementor-widget-ld_button\" data-id=\"39f50f6\" data-element_type=\"widget\" data-e-type=\"widget\" data-widget_type=\"ld_button.default\">\n\t\t\t\t<div class=\"elementor-widget-container\">\n\t\t\t\t\t\n\t\t\t<a \n\t\t\t\thref=\"https:\/\/app.smartsheet.com\/b\/form\/8205be3528d3481e82af38baad52e40a\" target=\"_blank\"class=\"elementor-button btn btn-solid btn-icon-sep btn-hover-txt-switch btn-hover-txt-switch-x btn-icon-right btn-has-label\"\t\t\t>\n\t\t\t\t\t\t\t\t\t<span data-text=\"BEWERBEN SIE SICH JETZT\" class=\"btn-txt\" data-transition-delay=\"true\" data-delay-options=\"{&quot;elements&quot;: &quot;.lqd-chars&quot;, &quot;delayType&quot;: &quot;animation&quot;, &quot;startDelay&quot;: 0, &quot;delayBetween&quot;: 32.5}\" data-split-text=\"true\" data-split-options=\"{&quot;type&quot;: &quot;chars, words&quot;}\">\n\t\t\t\t\t\tBEWERBEN SIE SICH JETZT\t\t\t\t\t<\/span>\n\t\t\t\t\t\t\t\t\t\t\t\t\t\t<span class=\"btn-icon\">\n\t\t\t\t\t\t\t<i aria-hidden=\"true\" class=\"lqd-icn-ess icon-ion-ios-arrow-round-forward\"><\/i>\t\t\t\t\t\t<\/span>\n\t\t\t\t\t\t\t\t\t<\/a>\n\t\t\t\t\t\t\t<\/div>\n\t\t\t\t<\/div>\n\t\t\t\t\t<\/div>\n\t\t<\/div>\n\t\t\t\t\t<\/div>\n\t\t<\/section>\n\t\t\t\t<\/div>\n\t\t","protected":false},"excerpt":{"rendered":"<p>Abteilung BuchhaltungdeSachbearbeiter Rechnungswesen Verantwortlichkeiten Erstellung und Ausstellung von Rechnungen an Kunden. Bearbeitung von Gutschriften. Behebung von Abrechnungsfehlern, die von anderen Mitarbeitern oder Kunden gemeldet werden. Vorbereitung von Kontenausz\u00fcgen f\u00fcr Kunden. Nachverfolgung ausstehender Zahlungen und Beantwortung von Kundenanfragen. \u00dcberwachung aller Zahlungen und Erstellung monatlicher Abrechnungsberichte. Unterst\u00fctzung der Buchhaltungsabteilung bei der Erstellung von Finanzberichten. Unterst\u00fctzung der Buchhaltungsabteilung [&hellip;]<\/p>\n","protected":false},"author":1,"featured_media":0,"parent":0,"menu_order":0,"comment_status":"closed","ping_status":"closed","template":"elementor_header_footer","meta":{"nf_dc_page":"","footnotes":""},"class_list":["post-4656","page","type-page","status-publish","hentry"],"_links":{"self":[{"href":"https:\/\/trustengineeringgroup.com\/de\/wp-json\/wp\/v2\/pages\/4656","targetHints":{"allow":["GET"]}}],"collection":[{"href":"https:\/\/trustengineeringgroup.com\/de\/wp-json\/wp\/v2\/pages"}],"about":[{"href":"https:\/\/trustengineeringgroup.com\/de\/wp-json\/wp\/v2\/types\/page"}],"author":[{"embeddable":true,"href":"https:\/\/trustengineeringgroup.com\/de\/wp-json\/wp\/v2\/users\/1"}],"replies":[{"embeddable":true,"href":"https:\/\/trustengineeringgroup.com\/de\/wp-json\/wp\/v2\/comments?post=4656"}],"version-history":[{"count":10,"href":"https:\/\/trustengineeringgroup.com\/de\/wp-json\/wp\/v2\/pages\/4656\/revisions"}],"predecessor-version":[{"id":4708,"href":"https:\/\/trustengineeringgroup.com\/de\/wp-json\/wp\/v2\/pages\/4656\/revisions\/4708"}],"wp:attachment":[{"href":"https:\/\/trustengineeringgroup.com\/de\/wp-json\/wp\/v2\/media?parent=4656"}],"curies":[{"name":"wp","href":"https:\/\/api.w.org\/{rel}","templated":true}]}}